{"id":96,"date":"2024-11-16T20:06:25","date_gmt":"2024-11-16T19:06:25","guid":{"rendered":"https:\/\/cck-trutnov.cz\/?page_id=96"},"modified":"2024-11-16T20:11:33","modified_gmt":"2024-11-16T19:11:33","slug":"klub-darcu-krve","status":"publish","type":"page","link":"https:\/\/cck-trutnov.cz\/?page_id=96","title":{"rendered":"Klub d\u00e1rc\u016f krve"},"content":{"rendered":"\n<figure class=\"wp-block-image\"><img decoding=\"async\" src=\"https:\/\/cck-trutnov.cz\/images\/provozni\/drop%20of%20blood.jpg\" alt=\"drop of blood\"\/><\/figure>\n\n\n\n<figure class=\"wp-block-image\"><img decoding=\"async\" src=\"https:\/\/cck-trutnov.cz\/images\/BDK%20dopis2020.jpg\" alt=\"BDK dopis2020\"\/><\/figure>\n\n\n\n<h1 class=\"wp-block-heading\"><strong><\/strong><\/h1>\n\n\n\n<h1 class=\"wp-block-heading\"><strong><\/strong><\/h1>\n\n\n\n<h1 class=\"wp-block-heading\"><strong><\/strong><\/h1>\n\n\n\n<h1 class=\"wp-block-heading\"><strong>AKCE KDK<\/strong><\/h1>\n\n\n\n<h1 class=\"wp-block-heading\"><strong>&nbsp;Ozn\u00e1men\u00ed&nbsp;&#8211; KDK je OVR OS \u010c\u010cK Trutnov k 30.6.2015 zru\u0161en, ve\u0161ker\u00e9 akce a evidence BDK budou od &nbsp;1.7.2015 realizov\u00e1ny p\u0159es \u00da OS \u010c\u010cK Trutnov.<\/strong><\/h1>\n\n\n\n<h3 class=\"wp-block-heading\">&nbsp;<\/h3>\n\n\n\n<p>&nbsp;<strong>&nbsp;Dne 11.2.2016&nbsp;<\/strong>\u00da OS \u010c\u010cK Trutnov uspo\u0159\u00e1dal pro \u010dleny MS OS \u010c\u010cK Trutnov&nbsp;a BDK exkurzi do z\u00e1kout\u00ed Transf\u00fazn\u00ed stanice v Trutnov\u011b, kter\u00e1 nejsou b\u011b\u017en\u00fdm d\u00e1rc\u016fm a ve\u0159ejnosti zp\u0159\u00edstupn\u011bna. V\u0161e bylo doprov\u00e1zeno fundovan\u00fdm a poutav\u00fdm v\u00fdkladem, kter\u00e9ho se n\u00e1m dostalo od osoby v\u00edce ne\u017e povolan\u00e9,&nbsp;od prim\u00e1\u0159e MUDr. Josefa Kun\u010dara. V\u0161ichni jsme si odnesli nezapomenuteln\u00e9 z\u00e1\u017eitky a mnoho nov\u00fdch informac\u00ed o pouti krve \u010di krevn\u00ed plazmy od d\u00e1rc\u016f, p\u0159es jej\u00ed zpracov\u00e1n\u00ed a uchov\u00e1v\u00e1n\u00ed, a\u017e k p\u0159\u00edjemc\u016fm t\u00e9to vz\u00e1cn\u00e9 tekutiny.<\/p>\n\n\n\n<p><a href=\"http:\/\/ccktrutnov.rajce.net\/Prohlidka_TS_11.2.2016\">http:\/\/ccktrutnov.rajce.net\/Prohlidka_TS_11.2.2016<\/a>&nbsp;<\/p>\n\n\n\n<p><strong>&nbsp; Klub d\u00e1rc\u016f krve Trutnov uspo\u0159\u00e1dal dne&nbsp;25.1.2015 od 14:00 hodin&nbsp;9. ro\u010dn\u00edk bowlingov\u00e9ho turnaje&nbsp;o poh\u00e1r KDK mezi t\u00fdmy Trutnova, Hradce Kr\u00e1lov\u00e9 a Rychnova nad Kn\u011b\u017enou.<\/strong><\/p>\n\n\n\n<p><strong>Po\u0159ad\u00ed:&nbsp;1 m\u00edsto&nbsp; KDK Trutnov<\/strong><\/p>\n\n\n\n<p><strong>&nbsp;&nbsp;&nbsp;&nbsp;&nbsp;&nbsp;&nbsp;&nbsp;&nbsp;&nbsp;&nbsp;&nbsp;&nbsp;2. m\u00edsto KDK Rychnov nad Kn\u011b\u017enou<\/strong><\/p>\n\n\n\n<p><strong>&nbsp;&nbsp;&nbsp;&nbsp;&nbsp;&nbsp;&nbsp;&nbsp;&nbsp;&nbsp;&nbsp;&nbsp; 3. m\u00edsto KDK Hradec Kr\u00e1lov\u00e9<\/strong><\/p>\n\n\n\n<p><strong>FOTOGALERIE<\/strong><\/p>\n\n\n\n<p><a href=\"http:\/\/ccktrutnov.rajce.net\/bowlingovy_turnaj_KDK_-_25.1.2015_-_9._rocnik\">http:\/\/ccktrutnov.rajce.net\/bowlingovy_turnaj_KDK_-_25.1.2015_-_9._rocnik<\/a><\/p>\n\n\n\n<figure class=\"wp-block-table\"><table><tbody><tr><td>&nbsp;<\/td><\/tr><tr><td><strong><br><\/strong><img loading=\"lazy\" decoding=\"async\" src=\"https:\/\/cck-trutnov.cz\/images\/turnaj.jpg\" alt=\"turnaj\" width=\"640\" height=\"480\"><strong><\/strong><\/td><\/tr><tr><td><br><br><br>&nbsp;<strong>INSTRUKT\u00c1\u017dN\u00cd VIDEO &#8211; D\u00c1RCOVSTV\u00cd KRVE<\/strong><strong><a href=\"http:\/\/ose.zshk.cz\/media.aspx?id=V8005\">http:\/\/ose.zshk.cz\/media.aspx?id=V8005<\/a><br><\/strong>&nbsp;<\/td><\/tr><\/tbody><\/table><\/figure>\n\n\n\n<p><strong><\/strong><\/p>\n\n\n\n<p><strong><\/strong>&nbsp;<strong>UPOZORN\u011aN\u00cd &#8211;&nbsp;BDK, kte\u0159\u00ed se z\u00fa\u010dastn\u00ed slavnostn\u00edho oce\u0148ov\u00e1n\u00ed v Praze za 160 a v\u00edce bezp\u0159\u00edsp\u011bvkov\u00fdch odb\u011br\u016f krve a plazmy, obdr\u017e\u00ed od OS \u010c\u010cK Trutnov p\u0159\u00edsp\u011bvek na dopravu.<\/strong><\/p>\n\n\n\n<p><strong>KDK &#8211; Klub d\u00e1rc\u016f krve<\/strong><\/p>\n\n\n\n<p><br>&nbsp;&nbsp;&nbsp;<strong>&nbsp;Dne 29.5.2014<\/strong>&nbsp;prob\u011bhlo slavnostn\u00ed p\u0159ed\u00e1v\u00e1n\u00ed Zlat\u00fdch a St\u0159\u00edbrn\u00fdch plaket MUDr. Jansk\u00e9ho za 40 a 20 bezp\u0159\u00edsp\u011bvkov\u00fdch odb\u011br\u016f krve a jejich slo\u017eek. Ocen\u011bno bylo 68 zlat\u00fdch a 64 st\u0159\u00edbrn\u00fdch BDK. Slavnostn\u00ed p\u0159ed\u00e1v\u00e1n\u00ed t\u011bchto ocen\u011bn\u00ed prob\u011bhlo v prostor\u00e1ch Koncertn\u00ed s\u00edn\u011b Bohuslava Martin\u016f v Trutnov\u011b za p\u0159\u00edtomnosti z\u00e1stupc\u016f TS Trutnov, zdravotn\u00edch poji\u0161\u0165oven a M\u011bsta Trutnov a M\u011bsta D. Kr\u00e1lov\u00e9 nad Labem. V t\u011bchto kr\u00e1sn\u00fdch prostor\u00e1ch prob\u011bhlo dne&nbsp;<strong>12.6.2014<\/strong>&nbsp;slavnostn\u00ed oce\u0148ov\u00e1n\u00ed BDK Zlat\u00fdmi k\u0159\u00ed\u017ei III. t\u0159\u00eddy za 80 bezp\u0159\u00edsp\u011bvkov\u00fdch odb\u011br\u016f krve a jejich slo\u017eek. Celkem bylo ocen\u011bno 52 BDK.<\/p>\n\n\n\n<p><strong>FOTOGALERIE<\/strong><\/p>\n\n\n\n<p><a href=\"http:\/\/ccktrutnov.rajce.net\/oceneni_BDK_29.5.2014_Trutnov\">http:\/\/ccktrutnov.rajce.net\/oceneni_BDK_29.5.2014_Trutnov<\/a><strong><\/strong><\/p>\n\n\n\n<p>&nbsp;&nbsp;&nbsp;&nbsp;&nbsp;<strong>Dne&nbsp;25.9.2013&nbsp;<\/strong>prob\u011bhlo slavnostn\u00ed p\u0159ed\u00e1v\u00e1n\u00ed Zlat\u00fdch k\u0159\u00ed\u017e\u016f III. t\u0159\u00eddy (80 bezp\u0159\u00edsp\u011bvkov\u00fdch odb\u011br\u016f krve) a&nbsp;2.10.2013&nbsp;Zlat\u00fdch a St\u0159\u00edbrn\u00fdch plaket MUDr. Jansk\u00e9ho&nbsp;(40 a 20 bezp\u0159\u00edsp\u011bvkov\u00fdch odb\u011br\u016f krve). Slavnostn\u00ed p\u0159ed\u00e1v\u00e1n\u00ed t\u011bchto ocen\u011bn\u00ed prob\u011bhlo v prostor\u00e1ch&nbsp;Star\u00e9 radnice na Krakono\u0161ov\u011b n\u00e1m\u011bst\u00ed v Trutnov\u011b od 15.30 hodin.&nbsp;<strong>V\u0161em ocen\u011bn\u00fdm d\u011bkujeme za jejich ochotu pom\u00e1hat pot\u0159ebn\u00fdm.<\/strong><\/p>\n\n\n\n<p><a href=\"http:\/\/www.trutnovinky.cz\/index.php?gid=106699\">http:\/\/www.trutnovinky.cz\/index.php?gid=106699<\/a>&nbsp;<\/p>\n\n\n\n<p><strong>&nbsp;&nbsp;&nbsp;&nbsp; Dne 14.4.2013<\/strong>&nbsp;uspo\u0159\u00e1dal KDK pro sv\u00e9 \u010dleny a sympatizanty t\u00e9matickou prohl\u00eddku Hornick\u00e9ho skanzenu na Dole Jana \u0160vermy v \u017dacl\u00e9\u0159i a pot\u00e9 n\u00e1sledovala n\u00e1v\u0161t\u011bva Trutnovsk\u00e9ho muzea s expozic\u00ed&nbsp;<strong>&#8222;J\u00e1 jsem horn\u00edk, kdo je v\u00edc.&#8220;<\/strong><\/p>\n\n\n\n<p><strong>&nbsp;&nbsp;FOTOGALERIE<\/strong><\/p>\n\n\n\n<p><a href=\"http:\/\/ccktrutnov.rajce.net\/KDK\">http:\/\/ccktrutnov.rajce.net\/KDK<\/a><\/p>\n\n\n\n<p><strong>&nbsp;&nbsp;&nbsp;&nbsp; Dne 27.1.2013 od 13.00<\/strong>&nbsp;hodin prob\u011bhla n\u00e1v\u0161t\u011bva trutnovsk\u00e9ho muzea s expozic\u00ed &#8220; Kde se pivo va\u0159\u00ed&#8230;&#8220;. V\u00fdstava je uspo\u0159\u00e1d\u00e1na ke 430 let\u016fm trutnovsk\u00e9ho pivovaru KRAKONO\u0160 (1582-2012). Projdeme se minulost\u00ed a sou\u010dasnost\u00ed pivovaru v Trutnov\u011b, zhodnot\u00edme v\u00fdvoj a zm\u011bny v tomto oboru.<\/p>\n\n\n\n<p><a href=\"http:\/\/www.muzeumtrutnov.cz\/aktualni-akce\/kde-se-pivo-varivystava-ke-430-letum-trutnovskeho-pivovaru-1582-2012\/\">http:\/\/www.muzeumtrutnov.cz\/aktualni-akce\/kde-se-pivo-varivystava-ke-430-letum-trutnovskeho-pivovaru-1582-2012\/<\/a><\/p>\n\n\n\n<p>&nbsp;<strong>FOTOGALERIE<\/strong><\/p>\n\n\n\n<p>&nbsp;<a href=\"http:\/\/ccktrutnov.rajce.net\/prohlidka_Trutnovskeho_muzea_27.1.2013\">http:\/\/ccktrutnov.rajce.net\/prohlidka_Trutnovskeho_muzea_27.1.2013<\/a><\/p>\n\n\n\n<p>&nbsp;&nbsp;&nbsp; &nbsp;<strong>Dne<\/strong>&nbsp;<strong>9.12. 2012<\/strong>&nbsp;se uskute\u010dnil 7. ro\u010dn\u00edk bowlingov\u00e9ho turnaje t\u0159\u00ed v\u00fdchodo\u010desk\u00fdch m\u011bst o&nbsp;<strong>Putovn\u00ed poh\u00e1r KDK Trutnov<\/strong>. Leto\u0161n\u00ed turnaj prob\u011bhl v Rychnov\u011b nad Kn\u011b\u017enou, kde na\u0161e&nbsp; 8 \u010dlenn\u00e9 dru\u017estvo obsadilo&nbsp;2. m\u00edsto.&nbsp;&nbsp;&nbsp;&nbsp;<em><\/em><\/p>\n\n\n\n<p>FOTOGALERIE&nbsp;<\/p>\n\n\n\n<p><a href=\"http:\/\/ccktrutnov.rajce.net\/turnaj_KDK\">http:\/\/ccktrutnov.rajce.net\/turnaj_KDK<\/a>&nbsp;&nbsp;&nbsp;&nbsp;<\/p>\n\n\n\n<p>&nbsp;&nbsp;&nbsp;&nbsp;&nbsp;<strong>Dne&nbsp;<\/strong><strong>19.11.2012 od 14.00 do 15.00 hodin&nbsp;<\/strong>se uskute\u010dnila prohl\u00eddka trutnovsk\u00e9 transfuzn\u00ed stanice (Transfuzn\u00ed a hematologick\u00e9 odd\u011blen\u00ed Oblastn\u00ed nemocnice Trutnov). Sou\u010d\u00e1st\u00ed prohl\u00eddky bula uk\u00e1zka zpracov\u00e1n\u00ed krve a plazmy, spolu s p\u0159edn\u00e1\u0161kou MUDr. Kvardov\u00e9 na t\u00e9ma &#8222;krev a krevn\u00ed deriv\u00e1ty&#8220;. Jednalo se o exkurzi do prostor TS, kter\u00e9 jsou v b\u011b\u017en\u00e9m provozu pro d\u00e1rce krve nedostupn\u00e9. Jedn\u00e1 se o akci, kter\u00e1 bude ve spolupr\u00e1ci s TS po\u0159\u00e1d\u00e1na ka\u017edoro\u010dn\u011b.<\/p>\n\n\n\n<p>FOTOGALERIE&nbsp;&#8211; zdroj Krkono\u0161sk\u00fd den\u00edk<\/p>\n\n\n\n<p><strong><\/strong>&nbsp;<a href=\"http:\/\/krkonossky.denik.cz\/zpravy_region\/darci-krve-mohli-nahlednout-do-zakulisi-transfuzni-stanice-20121121.html\">http:\/\/krkonossky.denik.cz\/zpravy_region\/darci-krve-mohli-nahlednout-do-zakulisi-transfuzni-stanice-20121121.html<\/a><\/p>\n\n\n\n<p><strong>&nbsp;&nbsp;&nbsp;&nbsp; Dne 16.2.2012&nbsp;<\/strong>prob\u011bhlo setk\u00e1n\u00ed z\u00e1stupc\u016f \u010c\u010cK Trutnov s pedagogy a studenty Odborn\u00e9ho&nbsp; u\u010dili\u0161t\u011b a Praktick\u00e9 \u0161koly v Hostinn\u00e9m. Studenti t\u011bchto \u0161kol se \u0159ad\u00ed mezi pravideln\u00e9 d\u00e1rce krve na trutnovsk\u00e9 TS ji\u017e \u010dvrt\u00fdm rokem<strong>.<\/strong><\/p>\n\n\n\n<p>FOTOGALERIE<\/p>\n\n\n\n<p><a href=\"http:\/\/ccktrutnov.rajce.idnes.cz\/KDK_-_prvodarci_uciliste_Hostinne_16.2.2012\">http:\/\/ccktrutnov.rajce.idnes.cz\/KDK_-_prvodarci_uciliste_Hostinne_16.2.2012<\/a><\/p>\n\n\n\n<p><strong>&nbsp;&nbsp;&nbsp;&nbsp;&nbsp;&nbsp;&nbsp; Dne 10.1.2012 od 14.00 do 15.00&nbsp;<\/strong>prob\u011bhla prohl\u00eddka trutnovsk\u00e9 transfuzn\u00ed stanice (Transfuzn\u00ed a hematologick\u00e9 odd\u011blen\u00ed Oblastn\u00ed nemocnice Trutnov). Sou\u010d\u00e1st\u00ed prohl\u00eddky byla uk\u00e1zka zpracov\u00e1n\u00ed krve a plazmy spolu s&nbsp;p\u0159edn\u00e1\u0161kou MUDr. Kvardov\u00e9 na t\u00e9ma \u201ekrev a krevn\u00ed deriv\u00e1ty&#8220;. Jednalo se o exkurzy do prostor TS, kter\u00e9 jsou v&nbsp;b\u011b\u017en\u00e9m provozu pro d\u00e1rce krve nedostupn\u00e9.<\/p>\n\n\n\n<p>FOTOGALERIE:<\/p>\n\n\n\n<p><a href=\"http:\/\/ccktrutnov.rajce.idnes.cz\/KDK_-_exkurze_na_TS_Trutnov_10.1.2012\">http:\/\/ccktrutnov.rajce.idnes.cz\/KDK_-_exkurze_na_TS_Trutnov_10.1.2012<\/a><\/p>\n\n\n\n<p>&nbsp;&nbsp;&nbsp;&nbsp;&nbsp; &nbsp;<strong>Dne 4.12.2011<\/strong>&nbsp; po\u0159\u00e1dal KDK v Bowling Clubu Pas\u00e1\u017e v Trutnov\u011b 6. ro\u010dn\u00edk bowlingov\u00e9ho turnaje t\u0159\u00ed vychodo\u010desk\u00fdch m\u011bst o&nbsp;<strong>&#8222;Putovn\u00ed poh\u00e1r&nbsp;<\/strong><strong>KDK<\/strong><strong>&nbsp;Trutnov<\/strong>&#8222;.&nbsp;Turnaje se z\u00fa\u010dastnily t\u00fdmi t\u0159\u00ed vychodo\u010desk\u00fdch m\u011bst &#8211; Hradce Kr\u00e1lov\u00e9. Rychnova nad Kn\u011b\u017enou a Trutnov.&nbsp;<\/p>\n\n\n\n<p>&nbsp;&nbsp;&nbsp;&nbsp;&nbsp;&nbsp; &nbsp;<strong>V\u00fdsledky:&nbsp;&nbsp; M\u011bsta&nbsp;&nbsp;&nbsp;&nbsp;&nbsp;&nbsp;&nbsp;&nbsp;&nbsp;&nbsp;&nbsp;&nbsp;&nbsp;<\/strong>&nbsp;<strong>1. m\u00edsto Trutnov&nbsp;&nbsp;&nbsp;&nbsp;<\/strong>&nbsp;&nbsp;<strong>2. m\u00edsto Hradec Kr\u00e1lov\u00e9&nbsp;&nbsp;&nbsp;&nbsp; 3. m\u00edsto&nbsp; Rychnov nad Kn\u011b\u017e<\/strong>nou&nbsp;&nbsp;<\/p>\n\n\n\n<p>&nbsp;&nbsp;&nbsp;&nbsp;&nbsp;&nbsp;&nbsp;&nbsp;&nbsp;&nbsp;&nbsp; &nbsp;&nbsp;&nbsp;&nbsp;&nbsp;&nbsp;&nbsp;&nbsp;&nbsp;&nbsp;&nbsp;&nbsp;<strong>Jednotlivci&nbsp;&nbsp;&nbsp;&nbsp;&nbsp;&nbsp;&nbsp;&nbsp;&nbsp;1. m\u00edsto G\u00e1bina \u0158\u00ed\u010da\u0159ov\u00e1&nbsp;&nbsp;&nbsp;&nbsp;<\/strong><\/p>\n\n\n\n<p><strong>&nbsp;&nbsp;&nbsp;&nbsp;&nbsp;&nbsp;&nbsp;&nbsp;&nbsp;&nbsp;&nbsp;&nbsp;&nbsp;&nbsp;&nbsp;&nbsp;&nbsp;&nbsp;&nbsp;&nbsp;&nbsp;&nbsp;&nbsp;&nbsp;&nbsp;&nbsp;&nbsp;&nbsp;&nbsp;&nbsp;&nbsp;&nbsp;&nbsp;&nbsp;&nbsp;&nbsp;&nbsp;&nbsp;&nbsp;&nbsp;&nbsp;&nbsp;&nbsp;&nbsp;&nbsp;&nbsp;&nbsp;&nbsp;&nbsp;&nbsp;2. m\u00edsto Pawel Lama\u010d<\/strong><\/p>\n\n\n\n<p><strong>&nbsp;&nbsp;&nbsp;&nbsp;&nbsp;&nbsp;&nbsp;&nbsp;&nbsp;&nbsp;&nbsp;&nbsp;&nbsp;&nbsp;&nbsp;&nbsp;&nbsp;&nbsp;&nbsp;&nbsp;&nbsp;&nbsp;&nbsp;&nbsp;&nbsp;&nbsp;&nbsp;&nbsp;&nbsp;&nbsp;&nbsp;&nbsp;&nbsp;&nbsp;&nbsp;&nbsp;&nbsp;&nbsp;&nbsp;&nbsp;&nbsp;&nbsp;&nbsp;&nbsp;&nbsp;&nbsp;&nbsp;&nbsp;&nbsp; 3. m\u00edsto Lubor Nosek<\/strong><\/p>\n\n\n\n<p>FOTOGALERIE:<\/p>\n\n\n\n<p><a href=\"http:\/\/ccktrutnov.rajce.idnes.cz\/KDK_-_Turnaj_v_Bowlingu_Trutnov_4.12.2011\">http:\/\/ccktrutnov.rajce.idnes.cz\/KDK_-_Turnaj_v_Bowlingu_Trutnov_4.12.2011<\/a><\/p>\n","protected":false},"excerpt":{"rendered":"<p>AKCE KDK &nbsp;Ozn\u00e1men\u00ed&nbsp;&#8211; KDK je OVR OS \u010c\u010cK Trutnov k 30.6.2015 zru\u0161en, ve\u0161ker\u00e9 akce a evidence BDK budou od &nbsp;1.7.2015 realizov\u00e1ny p\u0159es \u00da OS \u010c\u010cK&hellip;<\/p>\n","protected":false},"author":1,"featured_media":0,"parent":95,"menu_order":0,"comment_status":"closed","ping_status":"closed","template":"","meta":{"footnotes":""},"class_list":["post-96","page","type-page","status-publish","hentry"],"_links":{"self":[{"href":"https:\/\/cck-trutnov.cz\/index.php?rest_route=\/wp\/v2\/pages\/96","targetHints":{"allow":["GET"]}}],"collection":[{"href":"https:\/\/cck-trutnov.cz\/index.php?rest_route=\/wp\/v2\/pages"}],"about":[{"href":"https:\/\/cck-trutnov.cz\/index.php?rest_route=\/wp\/v2\/types\/page"}],"author":[{"embeddable":true,"href":"https:\/\/cck-trutnov.cz\/index.php?rest_route=\/wp\/v2\/users\/1"}],"replies":[{"embeddable":true,"href":"https:\/\/cck-trutnov.cz\/index.php?rest_route=%2Fwp%2Fv2%2Fcomments&post=96"}],"version-history":[{"count":2,"href":"https:\/\/cck-trutnov.cz\/index.php?rest_route=\/wp\/v2\/pages\/96\/revisions"}],"predecessor-version":[{"id":138,"href":"https:\/\/cck-trutnov.cz\/index.php?rest_route=\/wp\/v2\/pages\/96\/revisions\/138"}],"up":[{"embeddable":true,"href":"https:\/\/cck-trutnov.cz\/index.php?rest_route=\/wp\/v2\/pages\/95"}],"wp:attachment":[{"href":"https:\/\/cck-trutnov.cz\/index.php?rest_route=%2Fwp%2Fv2%2Fmedia&parent=96"}],"curies":[{"name":"wp","href":"https:\/\/api.w.org\/{rel}","templated":true}]}}