{"id":9,"date":"2024-11-16T12:35:13","date_gmt":"2024-11-16T11:35:13","guid":{"rendered":"https:\/\/cck-trutnov.cz\/?page_id=9"},"modified":"2024-11-16T20:19:38","modified_gmt":"2024-11-16T19:19:38","slug":"stante-se-clenem-cck","status":"publish","type":"page","link":"https:\/\/cck-trutnov.cz\/?page_id=9","title":{"rendered":"Sta\u0148te se \u010dlenem \u010c\u010cK"},"content":{"rendered":"\n<h2 class=\"wp-block-heading\">Sta\u0148te se \u010dlenem \u010c\u010cK<\/h2>\n\n\n\n<figure class=\"wp-block-image\"><img decoding=\"async\" src=\"https:\/\/cck-trutnov.cz\/images\/provozni\/cck_nahled_dynamo_design.jpg\" alt=\"cck nahled dynamo design\"\/><\/figure>\n\n\n\n<p><strong>Sta\u0148te se \u010dlenem \u010c\u010cK<\/strong><\/p>\n\n\n\n<p>\u010clen je registrov\u00e1n v\u011bt\u0161inou v nejbli\u017e\u0161\u00ed m\u00edstn\u00ed skupin\u011b \u010c\u010cK (struktura \u010c\u010cK) m\u00edstn\u00ed skupiny jsou z\u00e1kladn\u00ed organizace, kter\u00e9 sdru\u017euj\u00ed \u010dleny. M\u00edstn\u00ed skupiny po\u0159\u00e1daj\u00ed z\u00e1bavy, z\u00e1jezdy, v\u00fdlety, plesy, sout\u011b\u017ee atd. Pom\u00e1haj\u00ed p\u0159i krizov\u00fdch situac\u00edch (povodn\u011b, zem\u011bt\u0159esen\u00ed, humanit\u00e1rn\u00ed krize atd.). M\u00edstn\u00ed skupina sdru\u017euje min. 5 \u010dlen\u016f. M\u016f\u017ee b\u00fdt zalo\u017eena v obci i m\u011bst\u011b.<\/p>\n\n\n\n<p>&nbsp;<br><strong>\u010clen \u010c\u010cK m\u00e1 pr\u00e1vo:<\/strong><\/p>\n\n\n\n<p>\u2022&nbsp;\u00fa\u010dastnit se jedn\u00e1n\u00ed nejvy\u0161\u0161\u00edho org\u00e1nu m\u00edstn\u00ed skupiny \u010c\u010cK, kde je registrov\u00e1n a zde hlasovat<br>\u2022&nbsp;\u010dinit n\u00e1vrhy, po\u017eadovat vysv\u011btlen\u00ed, volit a b\u00fdt volen do v\u0161ech org\u00e1n\u016f \u010c\u010cK, pokud toto pr\u00e1vo nen\u00ed omezeno Stanovami nebo Jednac\u00edm \u0159\u00e1dem, do funkc\u00ed spojen\u00fdch s odpov\u011bdnost\u00ed za majetek \u010c\u010cK m\u016f\u017ee b\u00fdt volen \u010dlen star\u0161\u00ed 18 let<br>\u2022&nbsp;pou\u017e\u00edvat p\u0159i \u010dinnosti v \u010c\u010cK ochrany, podpory a materi\u00e1ln\u00edch prost\u0159edk\u016f spole\u010dnosti \u010c\u010cK v r\u00e1mci jejich kompetenc\u00ed<br>\u2022&nbsp;b\u00fdt dr\u017eitelem spolkov\u00e9 legitimace a nosit spolkov\u00fd odznak v r\u00e1mci p\u0159\u00edslu\u0161n\u00fdch mezin\u00e1rodn\u00edch \u00famluv a v souladu se z\u00e1kony \u010cesk\u00e9 republiky<strong><\/strong><\/p>\n\n\n\n<p><strong>\u010clen \u010c\u010cK m\u00e1 povinnost:<\/strong><\/p>\n\n\n\n<p>\u2022&nbsp;dodr\u017eovat Stanovy \u010c\u010cK, chr\u00e1nit jeho vnit\u0159n\u00ed demokracii a jednotu, \u0159\u00eddit se principy \u010cK a usilovat o jejich \u0161\u00ed\u0159en\u00ed<br>\u2022&nbsp;chr\u00e1nit n\u00e1zev, znak a dobr\u00e9 jm\u00e9no \u010c\u010cK<br>\u2022&nbsp;aktivn\u011b se \u00fa\u010dastnit a podporovat \u010dinnost \u010c\u010cK<br>\u2022&nbsp;podrobovat se rozhodnut\u00ed volen\u00e9ho org\u00e1nu a plnit ulo\u017een\u00e9 \u00fakoly a \u00fakoly vypl\u00fdvaj\u00edc\u00ed ze zast\u00e1van\u00e9 funkce, pokud jsou v souladu se Stanovami \u010c\u010cK<br>\u2022&nbsp;platit \u010dlensk\u00e9 p\u0159\u00edsp\u011bvky<br>\u2022&nbsp;chr\u00e1nit majetek \u010c\u010cK<\/p>\n\n\n\n<p><a href=\"https:\/\/cck-trutnov.cz\/images\/prihlas.doc\">p\u0159ihl\u00e1\u0161ka nov\u00e9ho \u010dlena ke sta\u017een\u00ed zde<\/a><\/p>\n","protected":false},"excerpt":{"rendered":"<p>Sta\u0148te se \u010dlenem \u010c\u010cK Sta\u0148te se \u010dlenem \u010c\u010cK \u010clen je registrov\u00e1n v\u011bt\u0161inou v nejbli\u017e\u0161\u00ed m\u00edstn\u00ed skupin\u011b \u010c\u010cK (struktura \u010c\u010cK) m\u00edstn\u00ed skupiny jsou z\u00e1kladn\u00ed organizace, kter\u00e9&hellip;<\/p>\n","protected":false},"author":1,"featured_media":0,"parent":43,"menu_order":0,"comment_status":"closed","ping_status":"closed","template":"","meta":{"footnotes":""},"class_list":["post-9","page","type-page","status-publish","hentry"],"_links":{"self":[{"href":"https:\/\/cck-trutnov.cz\/index.php?rest_route=\/wp\/v2\/pages\/9","targetHints":{"allow":["GET"]}}],"collection":[{"href":"https:\/\/cck-trutnov.cz\/index.php?rest_route=\/wp\/v2\/pages"}],"about":[{"href":"https:\/\/cck-trutnov.cz\/index.php?rest_route=\/wp\/v2\/types\/page"}],"author":[{"embeddable":true,"href":"https:\/\/cck-trutnov.cz\/index.php?rest_route=\/wp\/v2\/users\/1"}],"replies":[{"embeddable":true,"href":"https:\/\/cck-trutnov.cz\/index.php?rest_route=%2Fwp%2Fv2%2Fcomments&post=9"}],"version-history":[{"count":2,"href":"https:\/\/cck-trutnov.cz\/index.php?rest_route=\/wp\/v2\/pages\/9\/revisions"}],"predecessor-version":[{"id":145,"href":"https:\/\/cck-trutnov.cz\/index.php?rest_route=\/wp\/v2\/pages\/9\/revisions\/145"}],"up":[{"embeddable":true,"href":"https:\/\/cck-trutnov.cz\/index.php?rest_route=\/wp\/v2\/pages\/43"}],"wp:attachment":[{"href":"https:\/\/cck-trutnov.cz\/index.php?rest_route=%2Fwp%2Fv2%2Fmedia&parent=9"}],"curies":[{"name":"wp","href":"https:\/\/api.w.org\/{rel}","templated":true}]}}