{"id":89,"date":"2024-11-16T20:06:24","date_gmt":"2024-11-16T19:06:24","guid":{"rendered":"https:\/\/cck-trutnov.cz\/?page_id=89"},"modified":"2024-11-16T20:10:20","modified_gmt":"2024-11-16T19:10:20","slug":"humanitarni-jednotky","status":"publish","type":"page","link":"https:\/\/cck-trutnov.cz\/?page_id=89","title":{"rendered":"Humanit\u00e1rn\u00ed jednotky"},"content":{"rendered":"\n<p>V p\u0159\u00edpad\u011b velk\u00e9 katastrofy nebo hav\u00e1rie, p\u0159i zasa\u017een\u00ed mno\u017estv\u00ed lid\u00ed, je t\u0159eba nasadit ve\u0161kerou dostupnou techniku i lidsk\u00e9 zdroje k odstran\u011bn\u00ed n\u00e1sledk\u016f t\u00e9to ud\u00e1losti. Pomoc p\u0159ich\u00e1z\u00ed v n\u011bkolika vln\u00e1ch. Na m\u00edsto se nejprve dostav\u00ed profesion\u00e1ln\u00ed z\u00e1chran\u00e1\u0159i (hasi\u010di, z\u00e1chrann\u00e1 slu\u017eba, policie), kte\u0159\u00ed zaji\u0161\u0165uj\u00ed o\u0161et\u0159en\u00ed a p\u00e9\u010di zejm\u00e9na o nejv\u00edce posti\u017een\u00e9 osoby. Mluv\u00edme o tzv. prvn\u00edm sledu.<\/p>\n\n\n\n<p>Druh\u00fd sled pak tvo\u0159\u00ed jin\u00e9 slo\u017eky, jejich\u017e \u00fakolem je postarat se o osoby s lehk\u00fdmi poran\u011bn\u00edmi nebo i o neporan\u011bn\u00e9, p\u0159i\u010dem\u017e v\u0161echny tyto osoby pot\u0159ebuj\u00ed tzv. soci\u00e1ln\u00ed pomoc: zajistit provizorn\u00ed ubytov\u00e1n\u00ed, stravov\u00e1n\u00ed, hygienick\u00e9 z\u00e1zem\u00ed a psychologickou pomoc.<\/p>\n\n\n\n<p>Proto \u010cesk\u00fd \u010derven\u00fd k\u0159\u00ed\u017e z\u0159izuje Humanit\u00e1rn\u00ed jednotky \u010c\u010cK, kter\u00e9 se cht\u011bj\u00ed spolu s jin\u00fdmi slo\u017ekami (nap\u0159. jednotky civiln\u00ed obrany) zapojit do druh\u00e9ho sledu z\u00e1chrann\u00fdch prac\u00ed. Z tohoto d\u016fvodu mus\u00ed b\u00fdt Humanit\u00e1rn\u00ed jednotky \u010c\u010cK vytvo\u0159eny z osob s dostate\u010dnou kvalifikac\u00ed a vybaveny odpov\u00eddaj\u00edc\u00edm materi\u00e1lem a technikou.<\/p>\n\n\n\n<p>Koncepce Humanit\u00e1rn\u00edch jednotek \u010c\u010cK byla p\u0159ijata republikov\u00fdmi org\u00e1ny \u010c\u010cK v roce 2001. My\u0161lenka zapojen\u00ed neziskov\u00fdch humanit\u00e1rn\u00edch organizac\u00ed do druh\u00e9ho sledu je p\u0159itom zcela v souladu s ustanoven\u00edmi z\u00e1kona \u010d. 239\/2000 Sb., o integrovan\u00e9m z\u00e1chrann\u00e9m syst\u00e9mu.<\/p>\n\n\n\n<figure class=\"wp-block-image\"><img decoding=\"async\" src=\"https:\/\/cck-trutnov.cz\/images\/cck\/image8fcd8fcd.jpg\" alt=\"image8fcd8fcd\"\/><\/figure>\n\n\n\n<figure class=\"wp-block-image\"><img decoding=\"async\" src=\"https:\/\/cck-trutnov.cz\/images\/cck\/image38823882.jpg\" alt=\"image38823882\"\/><\/figure>\n\n\n\n<figure class=\"wp-block-image\"><img decoding=\"async\" src=\"https:\/\/cck-trutnov.cz\/images\/cck\/imageaa32aa32.jpg\" alt=\"imageaa32aa32\"\/><\/figure>\n","protected":false},"excerpt":{"rendered":"<p>V p\u0159\u00edpad\u011b velk\u00e9 katastrofy nebo hav\u00e1rie, p\u0159i zasa\u017een\u00ed mno\u017estv\u00ed lid\u00ed, je t\u0159eba nasadit ve\u0161kerou dostupnou techniku i lidsk\u00e9 zdroje k odstran\u011bn\u00ed n\u00e1sledk\u016f t\u00e9to ud\u00e1losti. Pomoc&hellip;<\/p>\n","protected":false},"author":1,"featured_media":0,"parent":0,"menu_order":0,"comment_status":"closed","ping_status":"closed","template":"","meta":{"footnotes":""},"class_list":["post-89","page","type-page","status-publish","hentry"],"_links":{"self":[{"href":"https:\/\/cck-trutnov.cz\/index.php?rest_route=\/wp\/v2\/pages\/89","targetHints":{"allow":["GET"]}}],"collection":[{"href":"https:\/\/cck-trutnov.cz\/index.php?rest_route=\/wp\/v2\/pages"}],"about":[{"href":"https:\/\/cck-trutnov.cz\/index.php?rest_route=\/wp\/v2\/types\/page"}],"author":[{"embeddable":true,"href":"https:\/\/cck-trutnov.cz\/index.php?rest_route=\/wp\/v2\/users\/1"}],"replies":[{"embeddable":true,"href":"https:\/\/cck-trutnov.cz\/index.php?rest_route=%2Fwp%2Fv2%2Fcomments&post=89"}],"version-history":[{"count":2,"href":"https:\/\/cck-trutnov.cz\/index.php?rest_route=\/wp\/v2\/pages\/89\/revisions"}],"predecessor-version":[{"id":137,"href":"https:\/\/cck-trutnov.cz\/index.php?rest_route=\/wp\/v2\/pages\/89\/revisions\/137"}],"wp:attachment":[{"href":"https:\/\/cck-trutnov.cz\/index.php?rest_route=%2Fwp%2Fv2%2Fmedia&parent=89"}],"curies":[{"name":"wp","href":"https:\/\/api.w.org\/{rel}","templated":true}]}}