{"id":81,"date":"2024-11-16T19:58:41","date_gmt":"2024-11-16T18:58:41","guid":{"rendered":"https:\/\/cck-trutnov.cz\/?page_id=81"},"modified":"2025-09-02T10:32:07","modified_gmt":"2025-09-02T08:32:07","slug":"vyuka","status":"publish","type":"page","link":"https:\/\/cck-trutnov.cz\/?page_id=81","title":{"rendered":"V\u00fduka"},"content":{"rendered":"\n<p><strong>4 hodinov\u00e9 \u0161kolen\u00ed \u017divot zachra\u0148uj\u00edc\u00ed \u00fakony<\/strong><\/p>\n\n\n\n<p>Norma znalost\u00ed \u0161kolen\u00ed \u017eivot zachra\u0148uj\u00edc\u00ed \u00fakony je ur\u010dena pro \u0161irokou ve\u0159ejnost (star\u0161\u00ed 18 let). Rozsah \u0161kolen\u00ed 4 hodiny. Maxim\u00e1ln\u00ed pozornost je v\u011bnov\u00e1na praktick\u00e9mu procvi\u010dov\u00e1n\u00ed hlavn\u011b KPR (resuscita\u010dn\u00ed loutky).V cen\u011b \u0161kolen\u00ed je i odborn\u00e1 literatura.&nbsp;<strong>CENA&nbsp; 8<\/strong><strong>00,&#8211; K\u010d.<\/strong>&nbsp;Norma schv\u00e1lena Usnesen\u00edm VR \u010c\u010cK \u010d.3\/2005 dne 25.6.2005.<strong>&nbsp;<\/strong><\/p>\n\n\n\n<p><strong>4 hodinov\u00e9 \u0161kolen\u00ed pro firmy a oranizace&nbsp;&nbsp;&nbsp;&nbsp;CENA 800,&#8211; K\u010d&nbsp; za osobu &#8211;&nbsp; cena platn\u00e1 od 1.1.2024<\/strong><\/p>\n\n\n\n<p><strong>6 hodinov\u00e9 \u0161kolen\u00ed<\/strong><\/p>\n\n\n\n<p><strong><\/strong>Norma znalost\u00ed \u0161kolen\u00ed je ur\u010dena pro \u0161irokou ve\u0159ejnost (star\u0161\u00ed 18 let) &#8211; uchaze\u010de o \u0159idi\u010dsk\u00fd pr\u016fkaz. Rozsah \u0161kolen\u00ed 6 hodin (2 hodiny teorie + 4 hodiny praxe). Ka\u017ed\u00fd \u00fa\u010dastn\u00edk po \u00fasp\u011b\u0161n\u00e9m absolvov\u00e1n\u00ed p\u00edsemn\u00e9ho testu obdr\u017e\u00ed potvrzen\u00ed o absolvov\u00e1n\u00ed kurzu s neomezenou d\u00e9lkou platnosti. V cen\u011b \u0161kolen\u00ed je i odborn\u00e1 literatura.&nbsp;<strong>CENA&nbsp; 900,&#8211; K\u010d.&nbsp;<\/strong>Rozsah a obsah t\u00e9to normy je stanoven z\u00e1konem \u010d.247\/2000 Sb. a 238\/2002 Sb.&nbsp;<\/p>\n\n\n\n<p><strong>6 hodinov\u00e9 \u0161kolen\u00ed pro firmy a organizace&nbsp;&nbsp;CENA 900,&#8211; K\u010d za osobu.&nbsp;<\/strong>&nbsp;<\/p>\n\n\n\n<p><strong>Z\u00e1klady prvn\u00ed pomoci<\/strong><\/p>\n\n\n\n<p>Norma ZPP je ur\u010dena pro \u0161irokou ve\u0159ejnost (star\u0161\u00ed 18 let). Rozsah \u0161kolen\u00ed je 12 hodin (4 hodiny teorie + 8 hodin praxe).&nbsp;Vyu\u017eit\u00ed jako zdravotn\u00edk\u016f na pracovi\u0161t\u00edch, jako dobrovoln\u00fdch zdravotn\u00edk\u016f ve slu\u017eb\u00e1ch, vhodn\u00ed absolventi jako lekto\u0159i \u0161kolen\u00ed MZ l. a MZ ll.&nbsp;Ka\u017ed\u00fd \u00fa\u010dastn\u00edk po \u00fasp\u011b\u0161n\u00e9m absolvov\u00e1n\u00ed p\u00edsemn\u00e9ho testu obdr\u017e\u00ed pr\u016fkaz o absolvov\u00e1n\u00ed \u0161kolen\u00ed v d\u00e9lce platnosti 5 let. V cen\u011b \u0161kolen\u00ed je i odborn\u00e1 literatura.&nbsp;<strong>CENA 1 500,&#8211; K\u010d.&nbsp;&nbsp;<\/strong>Norma schv\u00e1lena Usnesen\u00edm VR \u010c\u010cK \u010d.2\/2013 dne 15.6.2013 s \u00fa\u010dinnost\u00ed od 1.1.2014.<\/p>\n\n\n\n<p><strong>ZPP pro firmy a organizace&nbsp;&nbsp;&nbsp;CENA 1 500,&#8211; K\u010d za osobu &#8211; cena platn\u00e1 od 1.1.2024.&nbsp;<\/strong><\/p>\n\n\n\n<p><strong>Zdravotn\u00edk zotavovac\u00edch akc\u00ed<\/strong>&nbsp;<\/p>\n\n\n\n<p>Norma znalost\u00ed zdravotn\u00edka&nbsp;zotavovac\u00edch&nbsp;akc\u00ed je ur\u010dena pro \u0161irokou ve\u0159ejnost (star\u0161\u00ed 18 let). Rozsah \u0161kolen\u00ed 41 hodin (22 hodin teorie + 19 hodin praxe). Vyu\u017eit\u00ed jako zdravotn\u00edci zotavovac\u00edch akc\u00ed, \u0161kol v p\u0159\u00edrod\u011b, ly\u017ea\u0159sk\u00fdch a turistick\u00fdch z\u00e1jezd\u016f, jako zdravotn\u00edci na hromadn\u00fdch spole\u010densk\u00fdch, kulturn\u00edch a sportovn\u00edch akc\u00edch. Ka\u017ed\u00fd \u00fa\u010dastn\u00edk po \u00fasp\u011b\u0161n\u00e9m absolvov\u00e1n\u00ed p\u00edsemn\u00e9ho testu a \u00fastn\u00ed zkou\u0161ky obdr\u017e\u00ed pr\u016fkaz o absolvov\u00e1n\u00ed \u0161kolen\u00ed s platnost\u00ed na 4 roky. 1 x za 4 roky je absolvent povinnen se z\u00fa\u010dastnit do\u0161kolen\u00ed v rozsahu 8 hodin. V cen\u011b \u0161kolen\u00ed je odborn\u00e1 literatura.&nbsp;<strong>CENA 4 000,&#8211; K\u010d. CENA DO\u0160KOLEN\u00cd 1 000,&#8211; K\u010d.&nbsp;<\/strong>Norma schv\u00e1lena Usnesen\u00edm VR \u010c\u010cK \u010d.28\/2014 dne 8.2.2014.<\/p>\n\n\n\n<p><strong><\/strong><strong>ZZA pro firmy a organizace&nbsp;&nbsp;&nbsp;CENA 4 000,&#8211; K\u010d za osobu. CENA DO\u0160KOLEN\u00cd 1 000,&#8211; K\u010d za osobu &#8211; cena platn\u00e1 od 1.1.2024.<\/strong><\/p>\n\n\n\n<p><strong>V\u00fd\u0161e uveden\u00e1 \u0161kolen\u00ed prob\u00edhaj\u00ed v u\u010debn\u011b prvn\u00ed pomoci \u010c\u010cK nebo po dohod\u011b s organizacemi v jejich prostor\u00e1ch. \u0160kolen\u00ed prov\u00e1d\u011bj\u00ed kvalifikovan\u00ed instrukto\u0159i \u010c\u010cK, zdravotn\u00ed sestry a l\u00e9ka\u0159i.&nbsp;<\/strong><\/p>\n\n\n\n<p><strong>Kurzy a \u0161kolen\u00ed se prov\u00e1d\u011bj\u00ed za minim\u00e1ln\u00edho po\u010dtu&nbsp;5&nbsp;\u00fa\u010dastn\u00edk\u016f a maxim\u00e1ln\u00edho po\u010dtu&nbsp;15&nbsp;\u00fa\u010dastn\u00edk\u016f (maxim\u00e1ln\u00ed po\u010det \u00fa\u010dastn\u00edk\u016f je mo\u017en\u00e9 m\u011bnit dle uv\u00e1\u017een\u00ed \u0161kolitele)<\/strong><\/p>\n\n\n\n<figure class=\"wp-block-table\"><table><tbody><tr><td><img loading=\"lazy\" decoding=\"async\" alt=\"P1030786\" src=\"https:\/\/cck-trutnov.cz\/images\/cck\/P1030786.JPG\" width=\"240\" height=\"180\"><\/td><td><img loading=\"lazy\" decoding=\"async\" alt=\"P1030787\" src=\"https:\/\/cck-trutnov.cz\/images\/cck\/P1030787.JPG\" width=\"240\" height=\"180\"><\/td><\/tr><tr><td><img loading=\"lazy\" decoding=\"async\" alt=\"P1030788\" src=\"https:\/\/cck-trutnov.cz\/images\/cck\/P1030788.JPG\" width=\"240\" height=\"180\"><\/td><td><img loading=\"lazy\" decoding=\"async\" alt=\"P1030789\" src=\"https:\/\/cck-trutnov.cz\/images\/cck\/P1030789.JPG\" width=\"240\" height=\"180\"><\/td><\/tr><\/tbody><\/table><\/figure>\n\n\n\n<p>&nbsp;<strong>D\u00c1LE NAB\u00cdZ\u00cdME:<\/strong><\/p>\n\n\n\n<p><strong>&#8211; zdravotnick\u00e9 dozory na sportovn\u00edch, kulturn\u00edch a spole\u010densk\u00fdch akc\u00edch&nbsp;&nbsp;&nbsp;<\/strong><\/p>\n\n\n\n<p><strong>CENA za hodinu 1 x zdravotn\u00edk: v\u0161edn\u00ed den &#8211; 250K\u010d \/ V\u00edkend &#8211; 320K\u010d \/ Sv\u00e1tek &#8211; 500K\u010d<\/strong><\/p>\n\n\n\n<p><\/p>\n\n\n\n<p><strong>&#8211; uk\u00e1zky maskovan\u00fdch poran\u011bn\u00ed, kter\u00e9\u00a0prov\u00e1d\u011bj\u00ed vy\u0161kolen\u00ed mask\u00e9\u0159i \u010c\u010cK\u00a0\u00a0\u00a0\u00a0po domluv\u011b dle mo\u017enost\u00ed<\/strong><\/p>\n","protected":false},"excerpt":{"rendered":"<p>4 hodinov\u00e9 \u0161kolen\u00ed \u017divot zachra\u0148uj\u00edc\u00ed \u00fakony Norma znalost\u00ed \u0161kolen\u00ed \u017eivot zachra\u0148uj\u00edc\u00ed \u00fakony je ur\u010dena pro \u0161irokou ve\u0159ejnost (star\u0161\u00ed 18 let). Rozsah \u0161kolen\u00ed 4 hodiny. Maxim\u00e1ln\u00ed&hellip;<\/p>\n","protected":false},"author":1,"featured_media":0,"parent":75,"menu_order":0,"comment_status":"closed","ping_status":"closed","template":"","meta":{"footnotes":""},"class_list":["post-81","page","type-page","status-publish","hentry"],"_links":{"self":[{"href":"https:\/\/cck-trutnov.cz\/index.php?rest_route=\/wp\/v2\/pages\/81","targetHints":{"allow":["GET"]}}],"collection":[{"href":"https:\/\/cck-trutnov.cz\/index.php?rest_route=\/wp\/v2\/pages"}],"about":[{"href":"https:\/\/cck-trutnov.cz\/index.php?rest_route=\/wp\/v2\/types\/page"}],"author":[{"embeddable":true,"href":"https:\/\/cck-trutnov.cz\/index.php?rest_route=\/wp\/v2\/users\/1"}],"replies":[{"embeddable":true,"href":"https:\/\/cck-trutnov.cz\/index.php?rest_route=%2Fwp%2Fv2%2Fcomments&post=81"}],"version-history":[{"count":4,"href":"https:\/\/cck-trutnov.cz\/index.php?rest_route=\/wp\/v2\/pages\/81\/revisions"}],"predecessor-version":[{"id":298,"href":"https:\/\/cck-trutnov.cz\/index.php?rest_route=\/wp\/v2\/pages\/81\/revisions\/298"}],"up":[{"embeddable":true,"href":"https:\/\/cck-trutnov.cz\/index.php?rest_route=\/wp\/v2\/pages\/75"}],"wp:attachment":[{"href":"https:\/\/cck-trutnov.cz\/index.php?rest_route=%2Fwp%2Fv2%2Fmedia&parent=81"}],"curies":[{"name":"wp","href":"https:\/\/api.w.org\/{rel}","templated":true}]}}