{"id":8,"date":"2024-11-16T12:35:13","date_gmt":"2024-11-16T11:35:13","guid":{"rendered":"https:\/\/cck-trutnov.cz\/?page_id=8"},"modified":"2024-11-16T20:19:04","modified_gmt":"2024-11-16T19:19:04","slug":"historie-csck-a-cck","status":"publish","type":"page","link":"https:\/\/cck-trutnov.cz\/?page_id=8","title":{"rendered":"Historie \u010cS\u010cK a \u010c\u010cK"},"content":{"rendered":"\n<h2 class=\"wp-block-heading\">Historie \u010cS\u010cK a \u010c\u010cK<\/h2>\n\n\n\n<p><strong>Historie \u010ceskoslovensk\u00e9ho \u010derven\u00e9ho k\u0159\u00ed\u017ee a \u010cesk\u00e9ho \u010derven\u00e9ho k\u0159\u00ed\u017ee<\/strong><\/p>\n\n\n\n<p>Hum\u00e1nn\u00ed my\u0161lenky \u010cerven\u00e9ho k\u0159\u00ed\u017ee zapustily sv\u00e9 ko\u0159eny na na\u0161em \u00fazem\u00ed ji\u017e p\u0159ed v\u00edce ne\u017e 130 lety &#8211; Stanovy &#8222;Vlasteneck\u00e9ho pomocn\u00e9ho spolku pro Kr\u00e1lovstv\u00ed \u010desk\u00e9&#8220; \/kter\u00fd byl sou\u010d\u00e1st\u00ed &#8222;Rakousk\u00e9 spole\u010dnosti \u010cerven\u00e9ho k\u0159\u00ed\u017ee&#8220;\/, schv\u00e1lilo c.k.m\u00edstodr\u017eitelstv\u00ed dne 5.z\u00e1\u0159\u00ed 1868. Toto datum vzniku by \u0159adilo n\u00e1\u0161 \u010cerven\u00fd k\u0159\u00ed\u017e v \u010dasov\u00e9m \u017eeb\u0159\u00ed\u010dku podle roku zalo\u017een\u00ed na velmi \u010destn\u00e9 13.m\u00edsto na sv\u011bt\u011b.<\/p>\n\n\n\n<p>Za ofici\u00e1ln\u00ed datum vzniku \u010ceskoslovensk\u00e9ho \u010derven\u00e9ho k\u0159\u00ed\u017ee \/\u010cS\u010cK\/ v\u0161ak b\u00fdv\u00e1 pova\u017eov\u00e1n a\u017e po\u010d\u00e1tek \u00fanora 1919, tedy m\u011bs\u00edce po vzniku samostatn\u00e9 \u010ceskoslovensk\u00e9 republiky.<\/p>\n\n\n\n<p>Ji\u017e 1.\u00fanora 1919 se v Obecn\u00edm dom\u011b v Praze se\u0161la p\u0159\u00edpravn\u00e1 sch\u016fzka soci\u00e1ln\u00edch pracovn\u00edk\u016f, zvolila u\u017e\u0161\u00ed v\u00fdbor a vyslala delegaci k presidentu republiky T.G.Masarykovi s \u017e\u00e1dost\u00ed o vysloven\u00ed souhlasu se vznikem nov\u00e9 organizace a se jmenov\u00e1n\u00edm jeho dcery dr.Alice Masarykov\u00e9 do funkce p\u0159edsedkyn\u011b \u010cS\u010cK. President republiky sv\u00fdm dopisem ze 6.\u00fanora 1919 t\u00e9to \u017e\u00e1dosti vyhov\u011bl. Toto datum je pova\u017eov\u00e1no za ofici\u00e1ln\u00ed datum zalo\u017een\u00ed \u010ceskoslovensk\u00e9ho \u010derven\u00e9ho k\u0159\u00ed\u017ee.<\/p>\n\n\n\n<p>Stanovy \u010cS\u010cK schv\u00e1lilo Ministerstvo vnitra \u010cSR dne 23.\u010dervna 1919. Na \u017e\u00e1dost \u010cS\u010cK je\u0161t\u011b v roce 1919 p\u0159istoupila \u010ceskoslovensk\u00e1 republika k \u017denevsk\u00e9 a Haagsk\u00e9 konvenci. Mezin\u00e1rodn\u00ed v\u00fdbor \u010cerven\u00e9ho k\u0159\u00ed\u017ee v \u017denev\u011b uznal \u010ceskoslovensk\u00fd \u010derven\u00fd k\u0159\u00ed\u017e dne 1.prosince 1919. Dne 11.ledna 1920 byl \u010cS\u010cK p\u0159ijat za \u010dlena Ligy spole\u010dnost\u00ed \u010cerven\u00e9ho k\u0159\u00ed\u017ee a \u010cerven\u00e9ho p\u016flm\u011bs\u00edce. Ministerstvo \u0161kolstv\u00ed a n\u00e1rodn\u00ed osv\u011bty \u010cSR pak povolilo sv\u00fdm v\u00fdnosem ze dne 26.ledna 1921 organizovat dorost \u010cS\u010cK na \u0161kol\u00e1ch.<\/p>\n\n\n\n<p>Po 20 let \/1919 &#8211; 1938\/ vykon\u00e1vala funkci p\u0159edsedkyn\u011b \u010cS\u010cK dr.Alice Masarykov\u00e1.<\/p>\n\n\n\n<p>V obdob\u00ed mezi dv\u011bma sv\u011btov\u00fdmi v\u00e1lkami v mnoha p\u0159\u00edpadech \u010cS\u010cK nahrazoval nedostatky st\u00e1tn\u00ed zdravotn\u00ed spr\u00e1vy a dopl\u0148oval ji. Zprost\u0159edkov\u00e1val styk rodin se zajatci, pom\u00e1hal uprchl\u00edk\u016fm a zapojoval se do asana\u010dn\u00edch a profylaktick\u00fdch akc\u00ed proti epidemi\u00edm v prvn\u00edch letech po prvn\u00ed sv\u011btov\u00e9 v\u00e1lce. Budoval zdravotn\u00ed \u00fastavy a d\u011btsk\u00e9 pr\u00e1zdninov\u00e9 osady, z\u0159izoval poradny pro matky a d\u011bti, ambulatoria, jesle, \u00fatulky rodi\u010dek, sirot\u010dince, \u017e\u00e1kovsk\u00e9 domovy, \u00fatulky pro starce, apod. Organizoval tak\u00e9 dopravn\u00ed zdravotn\u00ed slu\u017ebu, pos\u00edlal nemocn\u00e9 do \u00fastav\u016f, pom\u00e1hal p\u0159i \u017eiveln\u00edch pohrom\u00e1ch, rozv\u00edjel zdravotnickou osv\u011btu. V roce 1920 p\u0159evzal \u010cS\u010cK do sv\u00e9 spr\u00e1vy st\u00e1tn\u00ed o\u0161et\u0159ovatelskou \u0161kolu a sou\u010dasn\u011b prov\u00e1d\u011bl i v\u00fdchovu tzv.samarit\u00e1n\u016f.<\/p>\n\n\n\n<p>Hospod\u00e1\u0159sk\u00e1 krize na po\u010d\u00e1tku 30.let 20.stolet\u00ed posunula do pop\u0159ed\u00ed op\u011bt charitativn\u00ed programy. \u010cS\u010cK organizoval vyva\u0159ov\u00e1n\u00ed pol\u00e9vek, po\u0159\u00e1dal r\u016fzn\u00e9 o\u0161acovac\u00ed akce, zaji\u0161\u0165oval otop soci\u00e1ln\u011b slab\u00fdm rodin\u00e1m v zimn\u00edch m\u011bs\u00edc\u00edch, rozd\u011bloval potraviny mezi obyvatelstvo v nejchud\u0161\u00edch okresech, poskytoval i finan\u010dn\u00ed soci\u00e1ln\u00ed podpory. \u010cS\u010cK pom\u00e1hal i do zahrani\u010d\u00ed \/nap\u0159. poskytl v b\u0159eznu 1922 celkem 32 vag\u00f3n\u016f \u0161atstva a potravin pro hladov\u011bj\u00edc\u00ed obyvatele rusk\u00e9 Samary\/. Dorost \u010cS\u010cK byl v roce 1936 po\u010dtem sv\u00fdch \u010dlen\u016f na 2.m\u00edst\u011b v Evrop\u011b a na 4.m\u00edst\u011b ve sv\u011bt\u011b &#8211; m\u011bl 840.000 \u010dlen\u016f ve 38.000 t\u0159\u00edd\u00e1ch na 12.000 \u0161kol\u00e1ch.<\/p>\n\n\n\n<p>Po n\u011bmeck\u00e9 okupaci a vytvo\u0159en\u00ed protektor\u00e1tu \u010cechy a Morava byl \u010cS\u010cK 5.srpna 1940 rozpu\u0161t\u011bn, ve\u0161ker\u00fd majetek \u00fast\u0159ed\u00ed, ale i m\u00edstn\u00edch spolk\u016f \u010cS\u010cK, byl zabaven \/odhad materi\u00e1ln\u00edch \u0161kod byl stanoven na 170 milion\u016f p\u0159edv\u00e1le\u010dn\u00fdch korun\/. I kdy\u017e bylo mnoho funkcion\u00e1\u0159\u016f a \u010dlen\u016f \u010cS\u010cK zat\u010deno, v\u011bzn\u011bno v koncentra\u010dn\u00edch t\u00e1borech a \u0159ada z nich popravena, ti kte\u0159\u00ed z\u016fstali na svobod\u011b, se aktivn\u011b zapojovali do odbojov\u00e9 \u010dinnosti, zachra\u0148ovali v\u011bzn\u011b z transport\u016f a pochod\u016f smrti, pom\u00e1hali v oblastech posti\u017een\u00fdch bombardov\u00e1n\u00edm, p\u0159i likvidaci epidemie skvrnit\u00e9ho tyfu v Terez\u00edn\u011b, p\u0159i Kv\u011btnov\u00e9m povst\u00e1n\u00ed v Praze, ale i na dal\u0161\u00edch m\u00edstech, apod. Velmi aktivn\u011b pracovala tak\u00e9 organizace \u010cS\u010cK v zahrani\u010d\u00ed, ustaven\u00e1 v z\u00e1\u0159\u00ed 1940.<\/p>\n\n\n\n<p>V prvn\u00edch letech po druh\u00e9 sv\u011btov\u00e9 v\u00e1lce pokra\u010doval \u010cS\u010cK v duchu tradic prvn\u00ed republiky. Obnovil p\u0159\u00edpravu o\u0161et\u0159ovatelek a samarit\u00e1n\u016f i dopravn\u00ed zdravotn\u00ed slu\u017ebu. Obrovsk\u00fd \u00fakol \u010dekal P\u00e1trac\u00ed slu\u017ebu \u010cS\u010cK, kter\u00e1 byla zaplavena tis\u00edci \u017e\u00e1dostmi po nezv\u011bstn\u00fdch. Obnovena byla i tradice M\u00edrov\u00fdch slavnost\u00ed \u010cerven\u00e9ho k\u0159\u00ed\u017ee, z nich\u017e vznikl Sv\u011btov\u00fd den \u010cerven\u00e9ho k\u0159\u00ed\u017ee.<\/p>\n\n\n\n<p>Zna\u010dn\u00fd kus pr\u00e1ce odvedl tak\u00e9 dorost \u010cS\u010cK, kter\u00fd p\u0159ipravil akce na \u0161kol\u00e1ch &#8211; &#8222;Zdravotn\u00ed t\u0159\u00edletka na \u0161kol\u00e1ch&#8220;, &#8222;Ml\u00e1de\u017e sob\u011b a republice&#8220;, &#8222;T\u00fdden d\u011btsk\u00e9 radosti&#8220;, &#8222;D\u011btem v\u00edce kalori\u00ed&#8220;, &#8222;D\u011btem v\u00edce ovoce&#8220; \u010di &#8222;Kakao a rohl\u00edky pro 20 % \u0161koln\u00ed ml\u00e1de\u017ee&#8220;. Vrcholu sv\u00e9ho rozkv\u011btu dos\u00e1hl dorost \u010cS\u010cK v roce 1949, kdy sdru\u017eoval 1.400.000 \u010dlen\u016f ve v\u00edce ne\u017e 45.000 t\u0159\u00edd\u00e1ch na t\u00e9m\u011b\u0159 15.000 \u0161kol\u00e1ch. P\u0159edstavovalo to tehdy v\u00edce ne\u017e 11 % obyvatelstva \u010cSR a \u0159adilo n\u00e1s to po USA na 2.m\u00edsto na sv\u011bt\u011b.<\/p>\n\n\n\n<p>\u00danorov\u00fd politick\u00fd p\u0159evrat v roce 1948 znamenal v\u00fdznamn\u00e9 zm\u011bny i v \u010dinnosti \u010cS\u010cK. Organizace \u010cerven\u00e9ho k\u0159\u00ed\u017ee u n\u00e1s ztratila svou samostatnost a nez\u00e1vislost, v z\u00e1jmu p\u0159e\u017eit\u00ed se musela odklonit od sedmi princip\u016f mezin\u00e1rodn\u00edho hnut\u00ed \u010cerven\u00e9ho k\u0159\u00ed\u017ee a \u010cerven\u00e9ho p\u016flm\u011bs\u00edce, byla za\u0159azena mezi spole\u010densk\u00e9 organizace a za\u010dlen\u011bna do jednotn\u00e9 N\u00e1rodn\u00ed fronty. Svou samostatnost ztratil rovn\u011b\u017e dorost \u010cS\u010cK, kter\u00fd byl n\u00e1siln\u011b za\u0159azen do jednotn\u00e9 Pion\u00fdrsk\u00e9 organizace a \u010cSM. Ukon\u010dena musela b\u00fdt rovn\u011b\u017e tradice M\u00edrov\u00fdch slavnost\u00ed \u010cerven\u00e9ho k\u0159\u00ed\u017ee.<\/p>\n\n\n\n<p>P\u0159es zt\u00ed\u017een\u00e9 podm\u00ednky odv\u00e1d\u011bl \u010cS\u010cK v letech 1949-1989 mnoho prosp\u011b\u0161n\u00e9 pr\u00e1ce pro pot\u0159ebn\u00e9. Z jeho \u010dinnosti sice vymizely n\u011bkter\u00e9 tradi\u010dn\u00ed charitativn\u00ed \u010dinnosti, ale byly nahrazeny jin\u00fdmi. St\u00e1t sice p\u0159evzal p\u00e9\u010di o zdrav\u00ed lidu, soci\u00e1ln\u00ed zabezpe\u010den\u00ed, osv\u011btu, v\u00fdchovu a kulturu, ale \u010cS\u010cK jeho \u010dinnost v \u0159ad\u011b p\u0159\u00edpad\u016f \u00fasp\u011b\u0161n\u011b dopl\u0148oval. Postaven\u00ed a \u00fakoly \u010cS\u010cK byly kodifikov\u00e1ny Z\u00e1konem o \u010cS\u010cK ze 30.\u0159\u00edjna 1952.<\/p>\n\n\n\n<p>N\u00e1ro\u010dn\u00e9 \u00fakoly za\u010dal plnit \u010cS\u010cK v dobrovoln\u00e9m d\u00e1rcovstv\u00ed krve \/od roku 1960 v bezp\u0159\u00edsp\u011bvkov\u00e9m d\u00e1rcovstv\u00ed krve\/, v zaji\u0161\u0165ov\u00e1n\u00ed dobrovoln\u00fdch zdravotnick\u00fdch a soci\u00e1ln\u00edch slu\u017eeb. \u010cS\u010cK vytv\u00e1\u0159\u00ed Stanice prvn\u00ed pomoci, zdravotnick\u00e9 hl\u00eddky, zdravotnick\u00e9 dru\u017einy, hl\u00eddky mlad\u00fdch zdravotn\u00edk\u016f i z\u00e1jmov\u00e9 zdravotnick\u00e9 krou\u017eky, \u0161kol\u00ed dobrovoln\u00e9 sestry, mlad\u00e9 zdravotn\u00edky i lidov\u00e9 hygieniky. Rozv\u00edj\u00ed se dopl\u0148kov\u00e1 o\u0161et\u0159ovatelsk\u00e1 a pe\u010dovatelsk\u00e1 slu\u017eba v rodin\u00e1ch, \u010cS\u010cK aktivn\u011b pom\u00e1h\u00e1 p\u0159i celost\u00e1tn\u00edm o\u010dkov\u00e1n\u00ed proti d\u011btsk\u00e9 obrn\u011b, po\u0159\u00e1d\u00e1 letn\u00ed d\u011btsk\u00e9 t\u00e1bory pro zdravotn\u011b oslaben\u00e9 d\u011bti, organizuje Vodn\u00ed z\u00e1chrannou slu\u017ebu. Po\u0159\u00e1daj\u00ed se studijn\u00ed st\u0159ediska pro d\u011bti a ml\u00e1de\u017e, zdravotn\u011b v\u00fdchovn\u00e9 hry pro d\u011bti na mate\u0159sk\u00fdch a z\u00e1kladn\u00edch \u0161kol\u00e1ch, poskytuj\u00ed se des\u00edtky humanit\u00e1rn\u00edch pomoc\u00ed do zahrani\u010d\u00ed.<\/p>\n\n\n\n<p>Politick\u00e9 a spole\u010densk\u00e9 zm\u011bny v z\u00e1v\u011bru roku 1989 umo\u017enily \u010cS\u010cK n\u00e1vrat k nez\u00e1vislosti a samostatnosti, ale i k n\u011bkter\u00fdm charitativn\u00edm \u010dinnostem. \u010cS\u010cK se navrac\u00ed k d\u016fsledn\u00e9mu dodr\u017eov\u00e1n\u00ed sedmi z\u00e1kladn\u00edch princip\u016f mezin\u00e1rodn\u00edho hnut\u00ed \u010cerven\u00e9ho k\u0159\u00ed\u017ee. V b\u0159eznu 1992 byl Feder\u00e1ln\u00edm shrom\u00e1\u017ed\u011bn\u00edm schv\u00e1len nov\u00fd Z\u00e1kon \u010d.126\/1992 Sb. o ochran\u011b znaku a n\u00e1zvu \u010cerven\u00e9ho k\u0159\u00ed\u017ee a o \u010ceskoslovensk\u00e9m \u010derven\u00e9m k\u0159\u00ed\u017ei, na jeho\u017e z\u00e1klad\u011b byla \u010cerven\u00e9mu k\u0159\u00ed\u017ei vr\u00e1cena mal\u00e1 \u010d\u00e1st d\u0159\u00edve mu pat\u0159\u00edc\u00edch objekt\u016f a nemovitost\u00ed \/\u010cS\u010cK v \u010cR bylo takto vr\u00e1ceno 12 objekt\u016f\/. V roce 1991 se st\u00e1v\u00e1 zvl\u00e1\u0161tn\u00ed slo\u017ekou \u010cesk\u00e9ho \u010derven\u00e9ho k\u0159\u00ed\u017ee Ml\u00e1de\u017e \u010c\u010cK.<\/p>\n\n\n\n<p>V souvislosti s rozd\u011blen\u00edm jednotn\u00e9ho \u010deskoslovensk\u00e9ho st\u00e1tu zanikl ke dni 31.12.1992 i \u010ceskoslovensk\u00fd \u010derven\u00fd k\u0159\u00ed\u017e. Od 1.1.1993 p\u016fsob\u00ed na \u00fazem\u00ed \u010cR \u010cesk\u00fd \u010derven\u00fd k\u0159\u00ed\u017e \/\u010c\u010cK\/, kter\u00fd byl uzn\u00e1n Mezin\u00e1rodn\u00edm v\u00fdborem \u010cerven\u00e9ho k\u0159\u00ed\u017ee dne 26.8.1993 a dne 25.10.1993 byl p\u0159ijat do Mezin\u00e1rodn\u00ed federac\u00ed \u010cerven\u00e9ho k\u0159\u00ed\u017ee a \u010cerven\u00e9ho p\u016flm\u011bs\u00edce.<\/p>\n\n\n\n<p>\u010cesk\u00fd \u010derven\u00fd k\u0159\u00ed\u017e nad\u00e1le pln\u00ed \u00fakoly v bezp\u0159\u00edsp\u011bvkov\u00e9m d\u00e1rcovstv\u00ed krve, ve v\u00fduce a poskytov\u00e1n\u00ed prvn\u00ed pomoci, v soci\u00e1ln\u00ed oblasti, po\u0159\u00e1d\u00e1 ozdravn\u00e9 rekondi\u010dn\u00ed pobyty pro zdravotn\u011b posti\u017een\u00e9 d\u011bti i klimatick\u00e9 pobyty pro d\u011bti z ekologicky ohro\u017een\u00fdch oblast\u00ed \u010cR. Z\u0159izuje st\u0159ediska soci\u00e1ln\u00edch slu\u017eeb, geriatrick\u00e1 centra, stravovny pro d\u016fchodce a bezdomovce, o\u0161acovac\u00ed st\u0159ediska, soci\u00e1ln\u00ed domy s bezbari\u00e9rov\u00fdmi byty pro star\u00e9 a invalidn\u00ed ob\u010dany, stacion\u00e1\u0159e pro zdravotn\u011b oslaben\u00e9 d\u011bti, byty pero osam\u011bl\u00e9 matky. Organizuje dom\u00e1c\u00ed o\u0161et\u0159ovatelskou p\u00e9\u010di, Z\u00e1chrann\u00e9 jednotky \u010c\u010cK, v n\u011bkter\u00fdch regionech provozuje op\u011bt zdravotn\u00ed dopravn\u00ed slu\u017ebu. Provozuje P\u00e1trac\u00ed slu\u017ebu \u010c\u010cK, poskytuje humanit\u00e1rn\u00ed pomoci do zahrani\u010d\u00ed.<\/p>\n\n\n\n<p>Kolektivn\u00edmi \u010dleny \u010c\u010cK se postupn\u011b st\u00e1vaj\u00ed Vodn\u00ed z\u00e1chrann\u00e1 slu\u017eba \u010c\u010cK, Horsk\u00e1 slu\u017eba \u010cR a Sdru\u017een\u00ed z\u00e1chrann\u00fdch brig\u00e1d kynolog\u016f.<\/p>\n\n\n\n<p>Velmi dob\u0159e obst\u00e1l \u010cesk\u00fd \u010derven\u00fd k\u0159\u00ed\u017e p\u0159i katastrof\u00e1ln\u00edch povodn\u00edch na Morav\u011b v roce 1997, kdy celkov\u00fd rozsah jeho pomoci p\u0159es\u00e1hl 500 milion\u016f korun. Poskytl materi\u00e1ln\u00ed pomoc cca 9.000 tun materi\u00e1lu, p\u0159\u00edmou finan\u010dn\u00ed pomoc pro 15.200 rodin, finan\u010dn\u00ed pomoc k obnov\u011b bydlen\u00ed 923 rodin\u00e1m. \u010c\u010cK vybudoval 7 dom\u016f s pe\u010dovatelskou slu\u017ebou v posti\u017een\u00fdch oblastech.<\/p>\n\n\n\n<p>Ml\u00e1de\u017e \u010c\u010cK zabezpe\u010duje v\u00fduku prvn\u00ed pomoci d\u011bt\u00ed a ml\u00e1de\u017ee, realizuje projekty k prevenci \u0161\u00ed\u0159en\u00ed drogov\u00fdch z\u00e1vislost\u00ed, k prevenci \u0161\u00ed\u0159en\u00ed HIV\/AIDS, Help trans, organizuje z\u00e1jmovou \u010dinnost d\u011bt\u00ed.<\/p>\n\n\n\n<p><strong>Postaven\u00ed a z\u00e1kladn\u00ed posl\u00e1n\u00ed \u010c\u010cK<\/strong><\/p>\n\n\n\n<p>\u010cesk\u00fd \u010derven\u00fd k\u0159\u00ed\u017e je humanit\u00e1rn\u00ed ob\u010dansk\u00e9 sdru\u017een\u00ed. Je jedinou st\u00e1tem uznanou a mezin\u00e1rodn\u011b potvrzenou n\u00e1rodn\u00ed spole\u010dnost\u00ed \u010cerven\u00e9ho k\u0159\u00ed\u017ee na \u00fazem\u00ed \u010cesk\u00e9 republiky. Ve smyslu \u017denevsk\u00fdch \u00famluv \/dohod, konvenc\u00ed\/ je pomocnou organizac\u00ed vojensk\u00e9 zdravotn\u00ed slu\u017eby.<\/p>\n\n\n\n<p>Jeho postaven\u00ed a hlavn\u00ed \u00fakoly jsou upraveny Z\u00e1konem \u010d.126\/1992 Sb. o ochran\u011b znaku a n\u00e1zvu \u010cerven\u00e9ho k\u0159\u00ed\u017ee a o \u010ceskoslovensk\u00e9m \u010derven\u00e9m k\u0159\u00ed\u017ei.<\/p>\n\n\n\n<p>Mezin\u00e1rodn\u00edm v\u00fdborem \u010cerven\u00e9ho k\u0159\u00ed\u017ee byl \u010cesk\u00fd \u010derven\u00fd k\u0159\u00ed\u017e uzn\u00e1n 26.8.1993 a za \u010dlena Mezin\u00e1rodn\u00ed federace \u010cerven\u00e9ho k\u0159\u00ed\u017ee a \u010cerven\u00e9ho p\u016flm\u011bs\u00edce byl p\u0159ijat 25.10.1993.<\/p>\n\n\n\n<p>Ve sv\u00e9 \u010dinnosti \u010cesk\u00fd \u010derven\u00fd k\u0159\u00ed\u017e navazuje na sv\u00e9 p\u0159edch\u016fdce &#8211; na &#8222;Vlasteneck\u00fd pomocn\u00fd spolek pro Kr\u00e1lovstv\u00ed \u010desk\u00e9&#8220;, kter\u00fd byl zalo\u017een 5.z\u00e1\u0159\u00ed 1868 a na \u010ceskoslovensk\u00fd \u010derven\u00fd k\u0159\u00ed\u017e, kter\u00fd byl zalo\u017een 6.\u00fanora 1919<\/p>\n","protected":false},"excerpt":{"rendered":"<p>Historie \u010cS\u010cK a \u010c\u010cK Historie \u010ceskoslovensk\u00e9ho \u010derven\u00e9ho k\u0159\u00ed\u017ee a \u010cesk\u00e9ho \u010derven\u00e9ho k\u0159\u00ed\u017ee Hum\u00e1nn\u00ed my\u0161lenky \u010cerven\u00e9ho k\u0159\u00ed\u017ee zapustily sv\u00e9 ko\u0159eny na na\u0161em \u00fazem\u00ed ji\u017e p\u0159ed v\u00edce&hellip;<\/p>\n","protected":false},"author":1,"featured_media":0,"parent":43,"menu_order":0,"comment_status":"closed","ping_status":"closed","template":"","meta":{"footnotes":""},"class_list":["post-8","page","type-page","status-publish","hentry"],"_links":{"self":[{"href":"https:\/\/cck-trutnov.cz\/index.php?rest_route=\/wp\/v2\/pages\/8","targetHints":{"allow":["GET"]}}],"collection":[{"href":"https:\/\/cck-trutnov.cz\/index.php?rest_route=\/wp\/v2\/pages"}],"about":[{"href":"https:\/\/cck-trutnov.cz\/index.php?rest_route=\/wp\/v2\/types\/page"}],"author":[{"embeddable":true,"href":"https:\/\/cck-trutnov.cz\/index.php?rest_route=\/wp\/v2\/users\/1"}],"replies":[{"embeddable":true,"href":"https:\/\/cck-trutnov.cz\/index.php?rest_route=%2Fwp%2Fv2%2Fcomments&post=8"}],"version-history":[{"count":2,"href":"https:\/\/cck-trutnov.cz\/index.php?rest_route=\/wp\/v2\/pages\/8\/revisions"}],"predecessor-version":[{"id":144,"href":"https:\/\/cck-trutnov.cz\/index.php?rest_route=\/wp\/v2\/pages\/8\/revisions\/144"}],"up":[{"embeddable":true,"href":"https:\/\/cck-trutnov.cz\/index.php?rest_route=\/wp\/v2\/pages\/43"}],"wp:attachment":[{"href":"https:\/\/cck-trutnov.cz\/index.php?rest_route=%2Fwp%2Fv2%2Fmedia&parent=8"}],"curies":[{"name":"wp","href":"https:\/\/api.w.org\/{rel}","templated":true}]}}