{"id":6,"date":"2024-11-16T12:35:12","date_gmt":"2024-11-16T11:35:12","guid":{"rendered":"https:\/\/cck-trutnov.cz\/?page_id=6"},"modified":"2024-11-16T20:18:38","modified_gmt":"2024-11-16T19:18:38","slug":"historie-ck-a-cp","status":"publish","type":"page","link":"https:\/\/cck-trutnov.cz\/?page_id=6","title":{"rendered":"Historie \u010cK a \u010cP"},"content":{"rendered":"\n<h2 class=\"wp-block-heading\">Historie \u010cK a \u010cP<\/h2>\n\n\n\n<figure class=\"wp-block-image\"><img decoding=\"async\" src=\"https:\/\/cck-trutnov.cz\/images\/provozni\/kriz_pulmesic_Logo.png\" alt=\"kriz pulmesic Logo\"\/><\/figure>\n\n\n\n<p><strong>Historie&nbsp; \u010cerven\u00e9ho k\u0159\u00ed\u017ee a \u010cerven\u00e9ho p\u016flm\u011bs\u00edce<\/strong><\/p>\n\n\n\n<p>V letech 1853-1856 v tzv.Krymsk\u00e9 v\u00e1lce poprv\u00e9 organizovali pomoc ran\u011bn\u00fdm voj\u00e1k\u016fm p\u0159\u00edmo na boji\u0161t\u00edch s dobrovoln\u00edky anglick\u00e1 o\u0161et\u0159ovatelka Florence Nightingalov\u00e1 a rusk\u00fd l\u00e9ka\u0159 Nikolaj Ivanovi\u010d Pirogov.<\/p>\n\n\n\n<p>V roce 1859 poskytoval pomoc ran\u011bn\u00fdm v bitv\u011b u Solferina \u0161v\u00fdcarsk\u00fd obchodn\u00edk Henri Dunant, pozd\u011bj\u0161\u00ed zakladatel Mezin\u00e1rodn\u00edho v\u00fdboru \u010cerven\u00e9ho k\u0159\u00ed\u017ee. Zd\u011b\u0161en hr\u016fzami v\u00e1lky a skute\u010dnost\u00ed, \u017ee o ran\u011bn\u00e9 voj\u00e1ky na boji\u0161t\u00edch se nikdo nestar\u00e1, napsal a 8.listopadu 1862 vydal knihu &#8222;Vzpom\u00ednky na Solferino&#8220;. Sou\u010dasn\u011b pomohl 17.2.1863 zalo\u017eit v \u017denev\u011b &#8222;St\u00e1l\u00fd mezin\u00e1rodn\u00ed v\u00fdbor pro pomoc ran\u011bn\u00fdm&#8220;, jinak t\u00e9\u017e naz\u00fdvan\u00fd &#8222;v\u00fdborem p\u011bti&#8220;. Tvo\u0159ili jej \u0161v\u00fdcar\u0161t\u00ed ob\u010dan\u00e9: gener\u00e1l Guillaume Henri Dufour, dr.Louis Appia, dr.Theodore Maunoir, Gustave Moynier a tajemn\u00edk Henri Dunant.<\/p>\n\n\n\n<p>Ve dnech 26.-29.\u0159\u00edjna 1863 byl v \u017denev\u011b zalo\u017een Mezin\u00e1rodn\u00ed v\u00fdbor \u010cerven\u00e9ho k\u0159\u00ed\u017ee za \u00fa\u010dasti z\u00e1stupc\u016f 16 evropsk\u00fdch st\u00e1t\u016f. Na t\u00e9to ustavuj\u00edc\u00ed konferenci byla p\u0159ijata z\u00e1sada nedotknutelnosti a neutrality zdravotnick\u00fdch za\u0159\u00edzen\u00ed a person\u00e1lu ozna\u010den\u00fdch \u010derven\u00fdm k\u0159\u00ed\u017eem, kter\u00fd byl p\u0159ijat jako univerz\u00e1ln\u00ed znak nov\u00e9 organizace. Od sv\u00e9ho zalo\u017een\u00ed v roce 1863 s\u00eddl\u00ed Mezin\u00e1rodn\u00ed v\u00fdbor \u010cerven\u00e9ho k\u0159\u00ed\u017ee v \u017denev\u011b.<\/p>\n\n\n\n<p>Na dal\u0161\u00ed mezin\u00e1rodn\u00ed konferenci v \u017denev\u011b byla 22.srpna 1864 schv\u00e1lena z\u00e1stupci tehdej\u0161\u00edch 16 zem\u00ed \/dne\u0161n\u00edch 12 zem\u00ed\/ prvn\u00ed &#8222;\u017denevsk\u00e1 \u00famluva o zlep\u0161en\u00ed osudu ran\u011bn\u00fdch v poln\u00edch arm\u00e1d\u00e1ch&#8220;.<\/p>\n\n\n\n<p>Od roku 1869 je z\u0159\u00edzena \u00dast\u0159edn\u00ed p\u00e1trac\u00ed agentura Mezin\u00e1rodn\u00edho v\u00fdboru \u010cerven\u00e9ho k\u0159\u00ed\u017ee, kter\u00e1 m\u00e1 v sou\u010dasn\u00e9 dob\u011b kartot\u00e9ku s v\u00edce ne\u017e 50 miliony karet.<\/p>\n\n\n\n<p>Dne 5.kv\u011btna 1919 byla v Pa\u0159\u00ed\u017ei z iniciativy p\u0159edsedy v\u00e1le\u010dn\u00e9ho v\u00fdboru Americk\u00e9ho \u010derven\u00e9ho k\u0159\u00ed\u017ee Henry P.Davisona zalo\u017eena Liga spole\u010dnost\u00ed \u010cerven\u00e9ho k\u0159\u00ed\u017ee a \u010cerven\u00e9ho p\u016flm\u011bs\u00edce jako sdru\u017een\u00ed n\u00e1rodn\u00edch spole\u010dnost\u00ed \u010cK a \u010cP. V roce 1991 byl jej\u00ed n\u00e1zev zm\u011bn\u011bn na Mezin\u00e1rodn\u00ed federaci \u010cerven\u00e9ho k\u0159\u00ed\u017ee a \u010cerven\u00e9ho p\u016flm\u011bs\u00edce. Od roku 1939 s\u00eddl\u00ed v \u017denev\u011b. V sou\u010dasn\u00e9 dob\u011b sdru\u017euje 175 uznan\u00fdch n\u00e1rodn\u00edch spole\u010dnost\u00ed \u010cK a \u010cP.<\/p>\n\n\n\n<p>Po prvn\u00ed sv\u011btov\u00e9 v\u00e1lce byly p\u0159i n\u00e1rodn\u00edch spole\u010dnostech \u010cK a \u010cP zalo\u017eeny sekce dorostu \u010cerven\u00e9ho k\u0159\u00ed\u017ee.<\/p>\n\n\n\n<p>Od roku 1948 je na cel\u00e9m sv\u011bt\u011b slaven 8.kv\u011btna \/v\u00fdro\u010dn\u00ed den narozen\u00ed zakladatele \u010cerven\u00e9ho k\u0159\u00ed\u017ee Henri Dunanta\/ Sv\u011btov\u00fd den \u010cerven\u00e9ho k\u0159\u00ed\u017ee. P\u0159i jeho zaveden\u00ed byly vyu\u017eity zku\u0161enosti \u010ceskoslovensk\u00e9ho \u010derven\u00e9ho k\u0159\u00ed\u017ee s po\u0159\u00e1d\u00e1n\u00edm tzv. Velikono\u010dn\u00edho m\u00edru \u010cK.<\/p>\n\n\n\n<p>Dne 5.listopadu 1965 byl v \u017denev\u011b z\u0159\u00edzen Institut Henri Dunanta jako studijn\u00ed, v\u00fdzkumn\u00e9 a vzd\u011bl\u00e1vac\u00ed pracovi\u0161t\u011b mezin\u00e1rodn\u00edho hnut\u00ed \u010cK a \u010cP.<\/p>\n\n\n\n<p>\u010cinnost \u010cerven\u00e9ho k\u0159\u00ed\u017ee byla celkem 4x ocen\u011bna Nobelovou cenou za m\u00edr &#8211; v roce 1901 v\u016fbec prvn\u00ed tuto ud\u011blenou cenu obdr\u017eel zakladatel \u010cerven\u00e9ho k\u0159\u00ed\u017ee Henri Dunant \/spolu s francouzsk\u00fdm pacifistou Fred\u00e9ricem Passym\/. Ve v\u00e1le\u010dn\u00fdch letech 1917 a 1944 ji obdr\u017eel Mezin\u00e1rodn\u00ed v\u00fdbor \u010cK a v roce 1963 \/p\u0159i oslav\u00e1ch 100.v\u00fdro\u010d\u00ed zalo\u017een\u00ed \u010cerven\u00e9ho k\u0159\u00ed\u017ee\/ byla spole\u010dn\u011b ud\u011blena Mezin\u00e1rodn\u00edmu v\u00fdboru \u010cK a Lize spole\u010dnost\u00ed \u010cK a \u010cP.<\/p>\n\n\n\n<figure class=\"wp-block-image\"><img decoding=\"async\" src=\"https:\/\/cck-trutnov.cz\/images\/provozni\/Inter.jpg\" alt=\"Inter\"\/><\/figure>\n","protected":false},"excerpt":{"rendered":"<p>Historie \u010cK a \u010cP Historie&nbsp; \u010cerven\u00e9ho k\u0159\u00ed\u017ee a \u010cerven\u00e9ho p\u016flm\u011bs\u00edce V letech 1853-1856 v tzv.Krymsk\u00e9 v\u00e1lce poprv\u00e9 organizovali pomoc ran\u011bn\u00fdm voj\u00e1k\u016fm p\u0159\u00edmo na boji\u0161t\u00edch s&hellip;<\/p>\n","protected":false},"author":1,"featured_media":0,"parent":43,"menu_order":0,"comment_status":"closed","ping_status":"closed","template":"","meta":{"footnotes":""},"class_list":["post-6","page","type-page","status-publish","hentry"],"_links":{"self":[{"href":"https:\/\/cck-trutnov.cz\/index.php?rest_route=\/wp\/v2\/pages\/6","targetHints":{"allow":["GET"]}}],"collection":[{"href":"https:\/\/cck-trutnov.cz\/index.php?rest_route=\/wp\/v2\/pages"}],"about":[{"href":"https:\/\/cck-trutnov.cz\/index.php?rest_route=\/wp\/v2\/types\/page"}],"author":[{"embeddable":true,"href":"https:\/\/cck-trutnov.cz\/index.php?rest_route=\/wp\/v2\/users\/1"}],"replies":[{"embeddable":true,"href":"https:\/\/cck-trutnov.cz\/index.php?rest_route=%2Fwp%2Fv2%2Fcomments&post=6"}],"version-history":[{"count":2,"href":"https:\/\/cck-trutnov.cz\/index.php?rest_route=\/wp\/v2\/pages\/6\/revisions"}],"predecessor-version":[{"id":143,"href":"https:\/\/cck-trutnov.cz\/index.php?rest_route=\/wp\/v2\/pages\/6\/revisions\/143"}],"up":[{"embeddable":true,"href":"https:\/\/cck-trutnov.cz\/index.php?rest_route=\/wp\/v2\/pages\/43"}],"wp:attachment":[{"href":"https:\/\/cck-trutnov.cz\/index.php?rest_route=%2Fwp%2Fv2%2Fmedia&parent=6"}],"curies":[{"name":"wp","href":"https:\/\/api.w.org\/{rel}","templated":true}]}}