{"id":29,"date":"2024-11-16T12:36:38","date_gmt":"2024-11-16T11:36:38","guid":{"rendered":"https:\/\/cck-trutnov.cz\/?page_id=29"},"modified":"2024-11-16T20:29:21","modified_gmt":"2024-11-16T19:29:21","slug":"clenove-ovr-a-dr","status":"publish","type":"page","link":"https:\/\/cck-trutnov.cz\/?page_id=29","title":{"rendered":"\u010clenov\u00e9 OVR a DR"},"content":{"rendered":"\n<h2 class=\"wp-block-heading\">\u010dlenov\u00e9 OVR a ODR<\/h2>\n\n\n\n<p><strong><\/strong>&nbsp;&nbsp;&nbsp; Dne&nbsp;<strong>30.3.2022<\/strong>&nbsp;prob\u011bhlo volebn\u00ed Valn\u00e9 shrom\u00e1\u017ed\u011bn\u00ed OS \u010c\u010cK Trutnov. Jednalo se ji\u017e o osm\u00e9 volebn\u00ed obdob\u00ed \u010c\u010cK. Jak vypl\u00fdv\u00e1 ze Stanov \u010c\u010cK je v \u010c\u010cK volebn\u00ed obdob\u00ed&nbsp;<strong>4 let\u00e9.&nbsp;<\/strong>Jednalo se tedy&nbsp;o Valn\u00e9 shrom\u00e1\u017ed\u011bn\u00ed pro volebn\u00ed obdob\u00ed&nbsp;<strong>&nbsp;2022 -2026<\/strong>. Valn\u00e9 shrom\u00e1\u017ed\u011bn\u00ed zvolilo \u010dleny do Oblastn\u00ed v\u00fdkonn\u00e9 rady a Dozor\u010d\u00ed rady OS \u010c\u010cK Trutnov..<\/p>\n\n\n\n<p><strong>\u010cLENOV\u00c9 OVR OS \u010c\u010cK&nbsp; Trutnov&nbsp;vze\u0161l\u00ed z volebn\u00edho Valn\u00e9ho shrom\u00e1\u017ed\u011bn\u00ed OS \u010c\u010cK Trutnov, kter\u00e9 pob\u011bhlo dne 30.3.2022.<\/strong><\/p>\n\n\n\n<p><strong>p\u0159edseda OVR &#8211; Ing. Karel Ne\u010das (MS Horn\u00ed Star\u00e9 M\u011bsto)<\/strong><\/p>\n\n\n\n<p><strong>m\u00edstop\u0159edseda OVR &#8211; David \u0158\u00edha&nbsp; (MS \u017dacl\u00e9\u0159)<\/strong><\/p>\n\n\n\n<p><strong>\u010dlenov\u00e9 OVR :&nbsp;<\/strong><strong>&nbsp;&#8211; Helena Havlov\u00e1 (MS Vrchlab\u00ed 3)<\/strong><\/p>\n\n\n\n<p><strong>&nbsp;&nbsp;&nbsp;&nbsp;&nbsp;&nbsp;&nbsp;&nbsp;&nbsp;&nbsp;&nbsp;&nbsp;&nbsp;&nbsp;&nbsp;&nbsp;&nbsp;&nbsp;&nbsp;&nbsp;&nbsp;&nbsp;&nbsp;&nbsp; &#8211; V\u00e1clav Hurd\u00e1lek (MS Horn\u00ed Star\u00e9 M\u00e9sto)<\/strong><\/p>\n\n\n\n<p><strong>&nbsp;&nbsp;&nbsp;&nbsp;&nbsp;&nbsp;&nbsp;&nbsp;&nbsp;&nbsp;&nbsp;&nbsp;&nbsp;&nbsp;&nbsp;&nbsp;&nbsp;&nbsp;&nbsp;&nbsp;&nbsp;&nbsp;&nbsp;&nbsp;<\/strong><strong>&nbsp;&#8211; Hana Lautschov\u00e1 (MS Markou\u0161ovice)<\/strong><\/p>\n\n\n\n<p><strong>&nbsp; &nbsp; &nbsp; &nbsp; &nbsp; &nbsp; &nbsp; &nbsp; &nbsp; &nbsp; &nbsp; &nbsp; &nbsp;<\/strong><strong>&#8211; \u0159editel \u00da OS \u010c\u010cK Trutnov Iveta \u0160pi\u010dkov\u00e1&nbsp; &nbsp;&nbsp;<\/strong><\/p>\n\n\n\n<p><strong>\u010cLENOV\u00c9 DR OS \u010c\u010cK&nbsp; Trutnov&nbsp;vze\u0161l\u00ed z volebn\u00edho Valn\u00e9ho shrom\u00e1\u017ed\u011bn\u00ed OS \u010c\u010cK Trutnov, kter\u00e9 prob\u011bhlo dne 30.3.2022.<\/strong><\/p>\n\n\n\n<p><strong>&nbsp;p\u0159edseda DR&nbsp;&nbsp;&nbsp; &nbsp;&#8211; Bc. Ludmila Bou\u010dkov\u00e1 (MS H.S.M.)<\/strong><\/p>\n\n\n\n<p><strong>&nbsp;\u010dlenov\u00e9 DR&nbsp;&nbsp;&nbsp;&nbsp;<\/strong><strong>&nbsp;&nbsp;&nbsp;&nbsp;&#8211; Ivanka Kru\u017e\u00edkov\u00e1 (MS Kohoutov)&nbsp;&nbsp;&nbsp;<\/strong><\/p>\n\n\n\n<p><strong>&nbsp;&nbsp;&nbsp;&nbsp;&nbsp;&nbsp;&nbsp;&nbsp;&nbsp;&nbsp;&nbsp;&nbsp;&nbsp;&nbsp;&nbsp;&nbsp;&nbsp;&nbsp;&nbsp;&nbsp;&nbsp;&nbsp;&nbsp;&nbsp;&nbsp;&nbsp;&nbsp; &#8211; Mgr. Stanislava Illnerov\u00e1 (MS Markou\u0161ovice)<\/strong><\/p>\n","protected":false},"excerpt":{"rendered":"<p>\u010dlenov\u00e9 OVR a ODR &nbsp;&nbsp;&nbsp; Dne&nbsp;30.3.2022&nbsp;prob\u011bhlo volebn\u00ed Valn\u00e9 shrom\u00e1\u017ed\u011bn\u00ed OS \u010c\u010cK Trutnov. Jednalo se ji\u017e o osm\u00e9 volebn\u00ed obdob\u00ed \u010c\u010cK. Jak vypl\u00fdv\u00e1 ze Stanov \u010c\u010cK&hellip;<\/p>\n","protected":false},"author":1,"featured_media":0,"parent":41,"menu_order":0,"comment_status":"closed","ping_status":"closed","template":"","meta":{"footnotes":""},"class_list":["post-29","page","type-page","status-publish","hentry"],"_links":{"self":[{"href":"https:\/\/cck-trutnov.cz\/index.php?rest_route=\/wp\/v2\/pages\/29","targetHints":{"allow":["GET"]}}],"collection":[{"href":"https:\/\/cck-trutnov.cz\/index.php?rest_route=\/wp\/v2\/pages"}],"about":[{"href":"https:\/\/cck-trutnov.cz\/index.php?rest_route=\/wp\/v2\/types\/page"}],"author":[{"embeddable":true,"href":"https:\/\/cck-trutnov.cz\/index.php?rest_route=\/wp\/v2\/users\/1"}],"replies":[{"embeddable":true,"href":"https:\/\/cck-trutnov.cz\/index.php?rest_route=%2Fwp%2Fv2%2Fcomments&post=29"}],"version-history":[{"count":2,"href":"https:\/\/cck-trutnov.cz\/index.php?rest_route=\/wp\/v2\/pages\/29\/revisions"}],"predecessor-version":[{"id":150,"href":"https:\/\/cck-trutnov.cz\/index.php?rest_route=\/wp\/v2\/pages\/29\/revisions\/150"}],"up":[{"embeddable":true,"href":"https:\/\/cck-trutnov.cz\/index.php?rest_route=\/wp\/v2\/pages\/41"}],"wp:attachment":[{"href":"https:\/\/cck-trutnov.cz\/index.php?rest_route=%2Fwp%2Fv2%2Fmedia&parent=29"}],"curies":[{"name":"wp","href":"https:\/\/api.w.org\/{rel}","templated":true}]}}