{"id":229,"date":"2024-12-18T12:46:15","date_gmt":"2024-12-18T11:46:15","guid":{"rendered":"https:\/\/cck-trutnov.cz\/?page_id=229"},"modified":"2024-12-18T12:46:15","modified_gmt":"2024-12-18T11:46:15","slug":"kontakt","status":"publish","type":"page","link":"https:\/\/cck-trutnov.cz\/?page_id=229","title":{"rendered":"Kontakt"},"content":{"rendered":"\n<h3 class=\"wp-block-heading\" id=\"basic-details\"><a href=\"javascript:void(0);\">Kontakt<\/a><\/h3>\n\n\n\n<p>Adresa:Obl.spolek \u010c\u010cK Trutnov<br>Horsk\u00e1 5, 541 01 Trutnov<\/p>\n\n\n\n<p>E-mail:&nbsp;<a href=\"mailto:trutnov@cervenykriz.eu\">trutnov@cervenykriz.eu<\/a><\/p>\n\n\n\n<p>Telefon:&nbsp;499-810-810<\/p>\n\n\n\n<p>Fax:&nbsp;499-810-810<\/p>\n\n\n\n<p>Mobil:&nbsp;775-220-000<\/p>\n\n\n\n<p><a href=\"http:\/\/www.cck-trutnov.cz\/\" target=\"_blank\" rel=\"noreferrer noopener\">http:\/\/www.cck-trutnov.cz<\/a><\/p>\n\n\n\n<h3 class=\"wp-block-heading\" id=\"display-form\"><a href=\"javascript:void(0);\">Kontaktn\u00ed formul\u00e1\u0159<\/a><\/h3>\n\n\n\n<h3 class=\"wp-block-heading\" id=\"display-misc\"><a href=\"javascript:void(0);\">Dal\u0161\u00ed \u00fadaje<\/a><\/h3>\n\n\n\n<h3 class=\"wp-block-heading\">mapka<\/h3>\n\n\n\n<figure class=\"wp-block-image\"><a href=\"https:\/\/cck-trutnov.cz\/images\/provozni\/mapa01_bg.jpg\" target=\"_blank\" rel=\"noreferrer noopener\"><img decoding=\"async\" src=\"https:\/\/cck-trutnov.cz\/images\/provozni\/mapa00_sm.jpg\" alt=\"\"\/><\/a><\/figure>\n","protected":false},"excerpt":{"rendered":"<p>Kontakt Adresa:Obl.spolek \u010c\u010cK TrutnovHorsk\u00e1 5, 541 01 Trutnov E-mail:&nbsp;trutnov@cervenykriz.eu Telefon:&nbsp;499-810-810 Fax:&nbsp;499-810-810 Mobil:&nbsp;775-220-000 http:\/\/www.cck-trutnov.cz Kontaktn\u00ed formul\u00e1\u0159 Dal\u0161\u00ed \u00fadaje mapka<\/p>\n","protected":false},"author":1,"featured_media":0,"parent":0,"menu_order":0,"comment_status":"closed","ping_status":"closed","template":"","meta":{"footnotes":""},"class_list":["post-229","page","type-page","status-publish","hentry"],"_links":{"self":[{"href":"https:\/\/cck-trutnov.cz\/index.php?rest_route=\/wp\/v2\/pages\/229","targetHints":{"allow":["GET"]}}],"collection":[{"href":"https:\/\/cck-trutnov.cz\/index.php?rest_route=\/wp\/v2\/pages"}],"about":[{"href":"https:\/\/cck-trutnov.cz\/index.php?rest_route=\/wp\/v2\/types\/page"}],"author":[{"embeddable":true,"href":"https:\/\/cck-trutnov.cz\/index.php?rest_route=\/wp\/v2\/users\/1"}],"replies":[{"embeddable":true,"href":"https:\/\/cck-trutnov.cz\/index.php?rest_route=%2Fwp%2Fv2%2Fcomments&post=229"}],"version-history":[{"count":1,"href":"https:\/\/cck-trutnov.cz\/index.php?rest_route=\/wp\/v2\/pages\/229\/revisions"}],"predecessor-version":[{"id":230,"href":"https:\/\/cck-trutnov.cz\/index.php?rest_route=\/wp\/v2\/pages\/229\/revisions\/230"}],"wp:attachment":[{"href":"https:\/\/cck-trutnov.cz\/index.php?rest_route=%2Fwp%2Fv2%2Fmedia&parent=229"}],"curies":[{"name":"wp","href":"https:\/\/api.w.org\/{rel}","templated":true}]}}