{"id":13,"date":"2024-11-16T12:35:13","date_gmt":"2024-11-16T11:35:13","guid":{"rendered":"https:\/\/cck-trutnov.cz\/?page_id=13"},"modified":"2024-11-16T20:21:28","modified_gmt":"2024-11-16T19:21:28","slug":"zkratky","status":"publish","type":"page","link":"https:\/\/cck-trutnov.cz\/?page_id=13","title":{"rendered":"Zkratky"},"content":{"rendered":"\n<h2 class=\"wp-block-heading\">Zkratky<\/h2>\n\n\n\n<p><strong>AED<\/strong>&nbsp;&nbsp;&#8211;&nbsp;Automatick\u00fd extern\u00ed defibril\u00e1tor<\/p>\n\n\n\n<p><strong>BDK<\/strong>&nbsp;&#8211;&nbsp;Bezp\u0159\u00edsp\u011bvkov\u00fd d\u00e1rce krve<\/p>\n\n\n\n<p><strong>\u010cK<\/strong>&nbsp;&#8211;&nbsp;\u010cerven\u00fd k\u0159\u00ed\u017e<\/p>\n\n\n\n<p><strong>\u010c\u010cK<\/strong>&nbsp;&#8211;&nbsp;\u010cesk\u00fd \u010derven\u00fd k\u0159\u00ed\u017e<\/p>\n\n\n\n<p><strong>\u010cP<\/strong>&nbsp;&#8211;&nbsp;\u010cerven\u00fd p\u016flm\u011bs\u00edc<\/p>\n\n\n\n<p><strong>\u010cS\u010cK<\/strong>&nbsp;&#8211;&nbsp;\u010ceskoslovensk\u00fd \u010derven\u00fd k\u0159\u00ed\u017e<\/p>\n\n\n\n<p><strong>DOP<\/strong>&nbsp;&#8211;&nbsp;Dobrovoln\u00e1 pe\u010dovatelka<\/p>\n\n\n\n<p><strong>DOS<\/strong>&nbsp;&#8211;&nbsp;Dobrovoln\u00e1 sestra<\/p>\n\n\n\n<p><strong>SMZ<\/strong>&nbsp;&#8211;&nbsp;Sout\u011b\u017e mlad\u00fdch zdravotn\u00edk\u016f<\/p>\n\n\n\n<p><strong>KDK<\/strong>&nbsp;&#8211; Klub d\u00e1rc\u016f krve<\/p>\n\n\n\n<p><strong>LRT<\/strong>&nbsp;&#8211;&nbsp;Letn\u00ed rekondi\u010dn\u00ed t\u00e1bor<\/p>\n\n\n\n<p><strong>LTD<\/strong>&nbsp;&#8211;&nbsp;Letn\u00ed d\u011btsk\u00fd t\u00e1bor<\/p>\n\n\n\n<p><strong>M \u010c\u010cK<\/strong>&nbsp;&#8211;&nbsp;Ml\u00e1de\u017e \u010cesk\u00e9ho \u010derven\u00e9ho k\u0159\u00ed\u017ee<\/p>\n\n\n\n<p><strong>MS<\/strong>&nbsp;&#8211;&nbsp;M\u00edstn\u00ed skupina<\/p>\n\n\n\n<p><strong>NS \u010c\u010cK<\/strong>&nbsp;&#8211;&nbsp;N\u00e1rodn\u00ed spole\u010dnost \u010c\u010cK<\/p>\n\n\n\n<p><strong>DR<\/strong>&nbsp;&#8211;&nbsp;Dozor\u010d\u00ed rada<\/p>\n\n\n\n<p><strong>OS<\/strong>&nbsp;&#8211;&nbsp;Oblastn\u00ed spolek<\/p>\n\n\n\n<p><strong>OSS<\/strong>&nbsp;&#8211;&nbsp;Oblastn\u00ed studijn\u00ed st\u0159edisko (okresn\u00ed)<\/p>\n\n\n\n<p><strong>OVR<\/strong>&nbsp;&#8211;&nbsp;Oblastn\u00ed v\u00fdkonn\u00e1 rada<\/p>\n\n\n\n<p><strong>PP<\/strong>&nbsp;&#8211;&nbsp;Prvn\u00ed pomoc<\/p>\n\n\n\n<p><strong>\u00daOS<\/strong>&nbsp;&#8211;&nbsp;\u00da\u0159ad oblastn\u00edho spolku<\/p>\n\n\n\n<p><strong>ZI<\/strong>&nbsp;&#8211;&nbsp;Zdravotn\u00ed instruktor<\/p>\n\n\n\n<p><strong>ZPP<\/strong>&nbsp;&#8211;&nbsp;Z\u00e1klady prvn\u00ed pomoci<\/p>\n\n\n\n<p><strong>ZNZZ<\/strong>&nbsp;&#8211; Z\u00e1kladn\u00ed norma zdravotnick\u00fdch znalost\u00ed<\/p>\n\n\n\n<p><strong>ZZA<\/strong>&nbsp;&#8211;&nbsp;Zdravotn\u00edk zotavovac\u00edch akc\u00ed<\/p>\n","protected":false},"excerpt":{"rendered":"<p>Zkratky AED&nbsp;&nbsp;&#8211;&nbsp;Automatick\u00fd extern\u00ed defibril\u00e1tor BDK&nbsp;&#8211;&nbsp;Bezp\u0159\u00edsp\u011bvkov\u00fd d\u00e1rce krve \u010cK&nbsp;&#8211;&nbsp;\u010cerven\u00fd k\u0159\u00ed\u017e \u010c\u010cK&nbsp;&#8211;&nbsp;\u010cesk\u00fd \u010derven\u00fd k\u0159\u00ed\u017e \u010cP&nbsp;&#8211;&nbsp;\u010cerven\u00fd p\u016flm\u011bs\u00edc \u010cS\u010cK&nbsp;&#8211;&nbsp;\u010ceskoslovensk\u00fd \u010derven\u00fd k\u0159\u00ed\u017e DOP&nbsp;&#8211;&nbsp;Dobrovoln\u00e1 pe\u010dovatelka DOS&nbsp;&#8211;&nbsp;Dobrovoln\u00e1 sestra SMZ&nbsp;&#8211;&nbsp;Sout\u011b\u017e mlad\u00fdch zdravotn\u00edk\u016f KDK&nbsp;&#8211;&hellip;<\/p>\n","protected":false},"author":1,"featured_media":0,"parent":43,"menu_order":0,"comment_status":"closed","ping_status":"closed","template":"","meta":{"footnotes":""},"class_list":["post-13","page","type-page","status-publish","hentry"],"_links":{"self":[{"href":"https:\/\/cck-trutnov.cz\/index.php?rest_route=\/wp\/v2\/pages\/13","targetHints":{"allow":["GET"]}}],"collection":[{"href":"https:\/\/cck-trutnov.cz\/index.php?rest_route=\/wp\/v2\/pages"}],"about":[{"href":"https:\/\/cck-trutnov.cz\/index.php?rest_route=\/wp\/v2\/types\/page"}],"author":[{"embeddable":true,"href":"https:\/\/cck-trutnov.cz\/index.php?rest_route=\/wp\/v2\/users\/1"}],"replies":[{"embeddable":true,"href":"https:\/\/cck-trutnov.cz\/index.php?rest_route=%2Fwp%2Fv2%2Fcomments&post=13"}],"version-history":[{"count":2,"href":"https:\/\/cck-trutnov.cz\/index.php?rest_route=\/wp\/v2\/pages\/13\/revisions"}],"predecessor-version":[{"id":149,"href":"https:\/\/cck-trutnov.cz\/index.php?rest_route=\/wp\/v2\/pages\/13\/revisions\/149"}],"up":[{"embeddable":true,"href":"https:\/\/cck-trutnov.cz\/index.php?rest_route=\/wp\/v2\/pages\/43"}],"wp:attachment":[{"href":"https:\/\/cck-trutnov.cz\/index.php?rest_route=%2Fwp%2Fv2%2Fmedia&parent=13"}],"curies":[{"name":"wp","href":"https:\/\/api.w.org\/{rel}","templated":true}]}}