{"id":103,"date":"2024-11-16T20:06:27","date_gmt":"2024-11-16T19:06:27","guid":{"rendered":"https:\/\/cck-trutnov.cz\/?page_id=103"},"modified":"2024-11-16T20:32:52","modified_gmt":"2024-11-16T19:32:52","slug":"informace-ke-gdpr","status":"publish","type":"page","link":"https:\/\/cck-trutnov.cz\/?page_id=103","title":{"rendered":"Informace ke GDPR"},"content":{"rendered":"\n<h2 class=\"wp-block-heading\">Informace ke GDPR<\/h2>\n\n\n\n<p>Zde budou zve\u0159ej\u0148ov\u00e1ny informace souvisej\u00edc\u00ed s problematikou GDPR.<\/p>\n\n\n\n<p>P\u0159edm\u011btem zpracov\u00e1n\u00ed u osob, kter\u00e9 jsou fyzickou osobou, jsou p\u0159edev\u0161\u00edm ty osobn\u00ed \u00fadaje, kter\u00e9 jsou OS \u010c\u010cK Trutnov&nbsp; poskytnuty v souvislosti s uzav\u0159en\u00edm smluv, dohod a jej\u00edch p\u0159\u00edloh o poskytov\u00e1n\u00ed zdravotn\u00ed a o\u0161t\u0159ovatelsk\u00e9 p\u00e9\u010de a o \u00fa\u010dasti na akc\u00edch konan\u00fdch \u010c\u010cK Trutnov .<\/p>\n\n\n\n<p>T\u011bmito \u00fadaji zejm\u00e9na jsou: jm\u00e9no a p\u0159\u00edjmen\u00ed; kontaktn\u00ed \u00fadaje (adresa trval\u00e9ho pobytu, doru\u010dovac\u00ed adresa, tel. \u010d\u00edslo, e-mailov\u00e1 adresa atp.), datum narozen\u00ed, rodn\u00e9 \u010d\u00edslo, \u010d\u00edslo \u00fa\u010dtu.<\/p>\n","protected":false},"excerpt":{"rendered":"<p>Informace ke GDPR Zde budou zve\u0159ej\u0148ov\u00e1ny informace souvisej\u00edc\u00ed s problematikou GDPR. P\u0159edm\u011btem zpracov\u00e1n\u00ed u osob, kter\u00e9 jsou fyzickou osobou, jsou p\u0159edev\u0161\u00edm ty osobn\u00ed \u00fadaje, kter\u00e9&hellip;<\/p>\n","protected":false},"author":1,"featured_media":0,"parent":0,"menu_order":0,"comment_status":"closed","ping_status":"closed","template":"","meta":{"footnotes":""},"class_list":["post-103","page","type-page","status-publish","hentry"],"_links":{"self":[{"href":"https:\/\/cck-trutnov.cz\/index.php?rest_route=\/wp\/v2\/pages\/103","targetHints":{"allow":["GET"]}}],"collection":[{"href":"https:\/\/cck-trutnov.cz\/index.php?rest_route=\/wp\/v2\/pages"}],"about":[{"href":"https:\/\/cck-trutnov.cz\/index.php?rest_route=\/wp\/v2\/types\/page"}],"author":[{"embeddable":true,"href":"https:\/\/cck-trutnov.cz\/index.php?rest_route=\/wp\/v2\/users\/1"}],"replies":[{"embeddable":true,"href":"https:\/\/cck-trutnov.cz\/index.php?rest_route=%2Fwp%2Fv2%2Fcomments&post=103"}],"version-history":[{"count":2,"href":"https:\/\/cck-trutnov.cz\/index.php?rest_route=\/wp\/v2\/pages\/103\/revisions"}],"predecessor-version":[{"id":155,"href":"https:\/\/cck-trutnov.cz\/index.php?rest_route=\/wp\/v2\/pages\/103\/revisions\/155"}],"wp:attachment":[{"href":"https:\/\/cck-trutnov.cz\/index.php?rest_route=%2Fwp%2Fv2%2Fmedia&parent=103"}],"curies":[{"name":"wp","href":"https:\/\/api.w.org\/{rel}","templated":true}]}}